{"id":6,"date":"2024-05-23T18:23:55","date_gmt":"2024-05-23T18:23:55","guid":{"rendered":"https:\/\/armoniaviva.mx\/?page_id=6"},"modified":"2025-09-01T20:32:22","modified_gmt":"2025-09-01T20:32:22","slug":"home","status":"publish","type":"page","link":"https:\/\/armoniaviva.mx\/en\/","title":{"rendered":"Home"},"content":{"rendered":"<p><a href=\"https:\/\/armoniaviva.mx\/en\/\" data-id-d=\"1\" data-dynamic-link=\"thrive_global_shortcode_url\" data-shortcode-id=\"0\" data-img-style=\"\"><img decoding=\"async\" class=\"lazyload\" src=\"data:image\/gif;base64,R0lGODlhAQABAIAAAAAAAP\/\/\/yH5BAEAAAAALAAAAAABAAEAAAIBRAA7\" data-src=\"https:\/\/armoniaviva.mx\/wp-content\/uploads\/2024\/05\/armonia_viva_logo.png\" height=\"84\" width=\"542\" alt=\"armonia_viva_logo\" style=\"\" loading=\"lazy\"><noscript><img decoding=\"async\" class=\"lazyload\" src=\"https:\/\/armoniaviva.mx\/wp-content\/uploads\/2024\/05\/armonia_viva_logo.png\" height=\"84\" width=\"542\" alt=\"armonia_viva_logo\" style=\"\" loading=\"lazy\"><\/noscript><\/img><\/a><a href=\"https:\/\/armoniaviva.mx\/en\/\" data-id-d=\"6\" data-dynamic-link=\"thrive_global_shortcode_url\" data-shortcode-id=\"0\" data-id-m=\"5\" data-img-style=\"width: 100%;\"><img decoding=\"async\" class=\"lazyload\" src=\"data:image\/gif;base64,R0lGODlhAQABAIAAAAAAAP\/\/\/yH5BAEAAAAALAAAAAABAAEAAAIBRAA7\" data-src=\"https:\/\/armoniaviva.mx\/wp-content\/uploads\/2024\/05\/Logo-ArmoniaViva-verde.png\" height=\"84\" width=\"542\" alt=\"\" style=\"width: 100%;\" loading=\"lazy\"><noscript><img decoding=\"async\" class=\"lazyload\" src=\"https:\/\/armoniaviva.mx\/wp-content\/uploads\/2024\/05\/Logo-ArmoniaViva-verde.png\" height=\"84\" width=\"542\" alt=\"\" style=\"width: 100%;\" loading=\"lazy\"><\/noscript><\/img><\/a><\/p>\n<h1 style=\"\"><strong>Heal your body and mind, find your balance at<\/strong><span style=\"\">Armon\u00eda Viva<\/span><\/h1>\n<p style=\"\">Make your day a step towards feeling good.<\/p>\n<p><span><img decoding=\"async\" class=\"lazyload\" alt=\"\" data-id=\"102\" width=\"192\" data-init-width=\"1894\" height=\"202\" data-init-height=\"1992\" title=\"ArmoniaViva_Hero_img (1)\" src=\"data:image\/gif;base64,R0lGODlhAQABAIAAAAAAAP\/\/\/yH5BAEAAAAALAAAAAABAAEAAAIBRAA7\" data-src=\"https:\/\/armoniaviva.mx\/wp-content\/uploads\/2024\/05\/ArmoniaViva_Hero_img-1.png\" data-width=\"192\" data-height=\"202\" style=\"aspect-ratio: auto 1894 \/ 1992;\" loading=\"lazy\"><noscript><img decoding=\"async\" class=\"lazyload\" alt=\"\" data-id=\"102\" width=\"192\" data-init-width=\"1894\" height=\"202\" data-init-height=\"1992\" title=\"ArmoniaViva_Hero_img (1)\" src=\"https:\/\/armoniaviva.mx\/wp-content\/uploads\/2024\/05\/ArmoniaViva_Hero_img-1.png\" data-width=\"192\" data-height=\"202\" style=\"aspect-ratio: auto 1894 \/ 1992;\" loading=\"lazy\"><\/noscript><\/span><\/p>\n<h2 style=\"text-align: center;\" class=\" translation-block\"><span data-css=\"tve-u-18fbb7cfcdb\"><strong>Living should be pleasurable,,<\/strong> focusing on:<\/span><\/h2>\n<ul>\n<li style=\"\"><span style=\"\"><strong><span style=\"\"><strong><span style=\"\"><strong><span style=\"\"><span style=\"\"><strong><span style=\"\"><strong><span style=\"\">Boost the immune system<\/span><\/strong><\/span><\/strong><\/span><\/span><\/strong><\/span><\/strong><\/span><\/strong><\/span><\/li>\n<li style=\"\"><span style=\"\"><strong><span><strong><span><strong><span><span><strong><span><strong><span>Improve the body's energy balance<\/span><\/strong><\/span><\/strong><\/span><\/span><\/strong><\/span><\/strong><\/span><\/strong><\/span><\/li>\n<li style=\"\"><span style=\"\"><strong><span style=\"\"><span style=\"\"><strong><span style=\"\"><strong><span style=\"\">Enhance mental and emotional health<\/span><\/strong><\/span><\/strong><\/span><\/span><\/strong><\/span><\/li>\n<\/ul>\n<ul>\n<li style=\"\"><span style=\"\"><strong><span style=\"\"><strong><span style=\"\"><strong><span style=\"\"><span style=\"\"><strong><span style=\"\"><strong><span style=\"\">Reduce stress and anxiety<\/span><\/strong><\/span><\/strong><\/span><\/span><\/strong><\/span><\/strong><\/span><\/strong><\/span><\/li>\n<li style=\"\"><span style=\"\"><strong><span style=\"\"><strong><span style=\"\"><strong><span style=\"\"><span style=\"\"><strong><span style=\"\"><strong><span style=\"\">Promote self-healing<\/span><\/strong><\/span><\/strong><\/span><\/span><\/strong><\/span><\/strong><\/span><\/strong><\/span><\/li>\n<li style=\"\"><span style=\"\"><strong><span style=\"\"><span style=\"\"><strong><span style=\"\"><strong><span style=\"\">Always offer a natural alternative<\/span><\/strong><\/span><\/strong><\/span><\/span><\/strong><\/span><\/li>\n<\/ul>\n<p><span style=\"\"><img decoding=\"async\" class=\"lazyload\" alt=\"\" data-id=\"319\" width=\"136\" data-init-width=\"387\" height=\"429\" data-init-height=\"1220\" title=\"Shape (1)\" src=\"data:image\/gif;base64,R0lGODlhAQABAIAAAAAAAP\/\/\/yH5BAEAAAAALAAAAAABAAEAAAIBRAA7\" data-src=\"https:\/\/armoniaviva.mx\/wp-content\/uploads\/2024\/07\/Shape-1.png\" data-width=\"136\" data-height=\"429\" style=\"aspect-ratio: auto 387 \/ 1220;\" mt-d=\"-33\" ml-d=\"0\" loading=\"lazy\"><noscript><img decoding=\"async\" class=\"lazyload\" alt=\"\" data-id=\"319\" width=\"136\" data-init-width=\"387\" height=\"429\" data-init-height=\"1220\" title=\"Shape (1)\" src=\"https:\/\/armoniaviva.mx\/wp-content\/uploads\/2024\/07\/Shape-1.png\" data-width=\"136\" data-height=\"429\" style=\"aspect-ratio: auto 387 \/ 1220;\" mt-d=\"-33\" ml-d=\"0\" loading=\"lazy\"><\/noscript><\/span><\/p>\n<h2 style=\"text-align: left;\"><span>Explore Our Services<\/span><\/h2>\n<h2 style=\"text-align: left;\" class=\" translation-block\"><span data-css=\"tve-u-18fbb5c2d28\"><strong>Armon\u00eda Viva<\/strong> is a space dedicated to your overall well-being. We offer a holistic approach that combines <strong>alternatives and complements<\/strong>  to help you achieve the best physical, mental, and emotional state.<\/span><\/h2>\n<h2 style=\"text-align: left;\"><span style=\"\">Let's prioritize your well-being<\/span><\/h2>\n<h6 style=\"\">Prevention<\/h6>\n<p><!--StartFragment--><\/p>\n<p style=\"\">We help you identify and address factors that may affect your health, thereby preventing the onset of diseases.<\/p>\n<p><!--EndFragment--><\/p>\n<h6 style=\"\">Treatment<\/h6>\n<p><!--StartFragment--><\/p>\n<p style=\"\">We provide personalized care for the treatment of various conditions using natural and effective methods.<\/p>\n<p><!--EndFragment--><\/p>\n<h6 style=\"\">Rehabilitation<\/h6>\n<p><!--StartFragment--><\/p>\n<p style=\"\">We accompany you in the process of recovering your health, providing you with the necessary tools to achieve a better quality of life.<\/p>\n<p><!--EndFragment-->        Secci\u00f3n de Contenido Cambiante                <\/p>\n<h2>Biomagnetism<\/h2>\n<p>Find your balance and well-being with the harmony of biomagnetism.<\/p>\n<p>        <a href=\"https:\/\/armoniaviva.mx\/en\/calendario-citas\/\">Schedule Appointment<\/a>    [tcb-script]    const contents = [        {            title: &ldquo;Biomagnetismo Remoto&rdquo;,            description: &ldquo;Encuentra tu equilibrio y bienestar con la armon&iacute;a del biomagnetismo.&rdquo;,            buttonText: &ldquo;Agendar cita&rdquo;,            imageUrl: &ldquo;url(&lsquo;https:\/\/armoniaviva.mx\/wp-content\/uploads\/2024\/07\/Highlighted-CTA-1.png&rsquo;)&rdquo;        },        {            title: &ldquo;Terapia Saama&rdquo;,            description: &ldquo;Sanaci&oacute;n cu&aacute;ntica que armoniza vibraciones para transformar tu bienestar.&rdquo;,            buttonText: &ldquo;Reserva ahora&rdquo;,            imageUrl: &ldquo;url(&lsquo;https:\/\/armoniaviva.mx\/wp-content\/uploads\/2024\/10\/reiki_backg_hero.png&rsquo;)&rdquo;        },        {            title: &ldquo;Reiki&rdquo;,            description: &ldquo;Canalizaci&oacute;n de energ&iacute;a celeste que armoniza cuerpo, mente y esp&iacute;ritu en todas sus dimensiones&rdquo;,            buttonText: &ldquo;Solicitar sesi&oacute;n&rdquo;,            imageUrl: &ldquo;url(&lsquo;https:\/\/armoniaviva.mx\/wp-content\/uploads\/2024\/10\/terapia-saama_backg_hero.png&rsquo;)&rdquo;        }    ];    let currentIndex = 0;    const contentElement = document.getElementById(&lsquo;contentServiceText&rsquo;);    const contentSection = document.getElementById(&lsquo;content-section&rsquo;);    let interval;    function updateContent() {        const { title, description, buttonText, imageUrl } = contents[currentIndex];        contentElement.style.backgroundImage = imageUrl;        contentElement.innerHTML = `            &lt;h2&gt;${title}&lt;\/h2&gt;            &lt;p&gt;${description}&lt;\/p&gt;            &lt;a href=&quot;\/en\/&rdquo;https:\/\/armoniaviva.mx\/calendario-citas\/&rdquo;\/&quot;&gt;${buttonText}&lt;\/a&gt;        `;        currentIndex = (currentIndex + 1) % contents.length;    }    function startInterval() {        interval = setInterval(updateContent, 2000);    }    function stopInterval() {        clearInterval(interval);    }    \/\/ Iniciar el intervalo    startInterval();    \/\/ Detener el intervalo al hacer hover y reanudar al quitar el cursor    contentSection.addEventListener(&lsquo;mouseenter&rsquo;, stopInterval);    contentSection.addEventListener(&lsquo;mouseleave&rsquo;, startInterval);[\/tcb-script]  <span><img decoding=\"async\" class=\"lazyload\" alt=\"\" data-id=\"322\" width=\"282\" data-init-width=\"515\" height=\"668\" data-init-height=\"1220\" title=\"Shape (2) (1)\" src=\"data:image\/gif;base64,R0lGODlhAQABAIAAAAAAAP\/\/\/yH5BAEAAAAALAAAAAABAAEAAAIBRAA7\" data-src=\"https:\/\/armoniaviva.mx\/wp-content\/uploads\/2024\/08\/Shape-2-1.png\" data-width=\"282\" data-height=\"668\" style=\"aspect-ratio: auto 515 \/ 1220;\" loading=\"lazy\"><noscript><img decoding=\"async\" class=\"lazyload\" alt=\"\" data-id=\"322\" width=\"282\" data-init-width=\"515\" height=\"668\" data-init-height=\"1220\" title=\"Shape (2) (1)\" src=\"https:\/\/armoniaviva.mx\/wp-content\/uploads\/2024\/08\/Shape-2-1.png\" data-width=\"282\" data-height=\"668\" style=\"aspect-ratio: auto 515 \/ 1220;\" loading=\"lazy\"><\/noscript><\/span>  <\/p>\n<p style=\"text-align: center;\"><strong>Have questions?<\/strong><\/p>\n<p style=\"text-align: center;\">Leave us a message and we will get back to you as soon as possible.<\/p>\n<p style=\"\"><strong>Escr\u00edbenos&#8230;<\/strong><\/p>\n<p><span><a href=\"mailto:info@armoniaviva.mx\" rel=\"nofollow\"><img decoding=\"async\" class=\"lazyload\" alt=\"\" data-id=\"110\" width=\"54\" data-init-width=\"128\" height=\"54\" data-init-height=\"128\" title=\"Icon_mail (1)\" src=\"data:image\/gif;base64,R0lGODlhAQABAIAAAAAAAP\/\/\/yH5BAEAAAAALAAAAAABAAEAAAIBRAA7\" data-src=\"https:\/\/armoniaviva.mx\/wp-content\/uploads\/2024\/05\/Icon_mail-1.png\" data-width=\"54\" data-height=\"54\" style=\"aspect-ratio: auto 128 \/ 128;\" data-link-wrap=\"true\" loading=\"lazy\"><noscript><img decoding=\"async\" class=\"lazyload\" alt=\"\" data-id=\"110\" width=\"54\" data-init-width=\"128\" height=\"54\" data-init-height=\"128\" title=\"Icon_mail (1)\" src=\"https:\/\/armoniaviva.mx\/wp-content\/uploads\/2024\/05\/Icon_mail-1.png\" data-width=\"54\" data-height=\"54\" style=\"aspect-ratio: auto 128 \/ 128;\" data-link-wrap=\"true\" loading=\"lazy\"><\/noscript><\/a><\/span><\/p>\n<h2 style=\"text-align: left;\"><span>Email<\/span><\/h2>\n<p style=\"\"><a href=\"mailto:info@armoniaviva.mx\" rel=\"nofollow\" style=\"outline: none;\">info@armoniaviva.mx<\/a><\/p>\n<p><span><a href=\"https:\/\/api.whatsapp.com\/send?phone=528712512189\" rel=\"nofollow\"><img decoding=\"async\" class=\"lazyload\" alt=\"\" data-id=\"109\" width=\"54\" data-init-width=\"128\" height=\"54\" data-init-height=\"128\" title=\"Icon_whatsapp (1)\" src=\"data:image\/gif;base64,R0lGODlhAQABAIAAAAAAAP\/\/\/yH5BAEAAAAALAAAAAABAAEAAAIBRAA7\" data-src=\"https:\/\/armoniaviva.mx\/wp-content\/uploads\/2024\/05\/Icon_whatsapp-1.png\" data-width=\"54\" data-height=\"54\" style=\"aspect-ratio: auto 128 \/ 128;\" data-link-wrap=\"true\" loading=\"lazy\"><noscript><img decoding=\"async\" class=\"lazyload\" alt=\"\" data-id=\"109\" width=\"54\" data-init-width=\"128\" height=\"54\" data-init-height=\"128\" title=\"Icon_whatsapp (1)\" src=\"https:\/\/armoniaviva.mx\/wp-content\/uploads\/2024\/05\/Icon_whatsapp-1.png\" data-width=\"54\" data-height=\"54\" style=\"aspect-ratio: auto 128 \/ 128;\" data-link-wrap=\"true\" loading=\"lazy\"><\/noscript><\/a><\/span><\/p>\n<h2 style=\"text-align: left;\"><span>WhatsApp<\/span><\/h2>\n<p style=\"\"><a href=\"https:\/\/api.whatsapp.com\/send?phone=528712512189\" rel=\"nofollow\" style=\"outline: none;\"><span>+52 871 251 2189<\/span><\/a><\/p>\n<p><span><a href=\"https:\/\/maps.app.goo.gl\/4zZnT4LVuEXi12VPA\" rel=\"nofollow\"><img decoding=\"async\" class=\"lazyload\" alt=\"\" data-id=\"112\" width=\"54\" data-init-width=\"128\" height=\"54\" data-init-height=\"128\" title=\"Icon_map (1)\" src=\"data:image\/gif;base64,R0lGODlhAQABAIAAAAAAAP\/\/\/yH5BAEAAAAALAAAAAABAAEAAAIBRAA7\" data-src=\"https:\/\/armoniaviva.mx\/wp-content\/uploads\/2024\/05\/Icon_map-1.png\" data-width=\"54\" data-height=\"54\" style=\"aspect-ratio: auto 128 \/ 128;\" data-link-wrap=\"true\" loading=\"lazy\"><noscript><img decoding=\"async\" class=\"lazyload\" alt=\"\" data-id=\"112\" width=\"54\" data-init-width=\"128\" height=\"54\" data-init-height=\"128\" title=\"Icon_map (1)\" src=\"https:\/\/armoniaviva.mx\/wp-content\/uploads\/2024\/05\/Icon_map-1.png\" data-width=\"54\" data-height=\"54\" style=\"aspect-ratio: auto 128 \/ 128;\" data-link-wrap=\"true\" loading=\"lazy\"><\/noscript><\/a><\/span><\/p>\n<p style=\"\"><a href=\"https:\/\/maps.app.goo.gl\/zWZAgC3F2DS4o7JA7\" rel=\"nofollow\" style=\"outline: none;\" target=\"_blank\"><span><span>Jorge Mu\u00f1oz 207, Las Margaritas, 27130 Torre\u00f3n, Coah.<\/span><\/span><\/a><\/p>\n<p style=\"\"><span><span>Con\u00e9ctate con nosotros<\/span><\/span><\/p>\n<p>__CONFIG_colors_palette__{&#8220;active_palette&#8221;:0,&#8221;config&#8221;:{&#8220;colors&#8221;:{&#8220;f3080&#8221;:{&#8220;name&#8221;:&#8221;Main Accent&#8221;,&#8221;parent&#8221;:-1},&#8221;f2bba&#8221;:{&#8220;name&#8221;:&#8221;Main Light 10&#8243;,&#8221;parent&#8221;:&#8221;f3080&#8243;},&#8221;trewq&#8221;:{&#8220;name&#8221;:&#8221;Main Light 30&#8243;,&#8221;parent&#8221;:&#8221;f3080&#8243;},&#8221;poiuy&#8221;:{&#8220;name&#8221;:&#8221;Main Light 80&#8243;,&#8221;parent&#8221;:&#8221;f3080&#8243;},&#8221;f83d7&#8243;:{&#8220;name&#8221;:&#8221;Main Light 80&#8243;,&#8221;parent&#8221;:&#8221;f3080&#8243;},&#8221;frty6&#8243;:{&#8220;name&#8221;:&#8221;Main Light 45&#8243;,&#8221;parent&#8221;:&#8221;f3080&#8243;},&#8221;flktr&#8221;:{&#8220;name&#8221;:&#8221;Main Light 80&#8243;,&#8221;parent&#8221;:&#8221;f3080&#8243;}},&#8221;gradients&#8221;:[]},&#8221;palettes&#8221;:[{&#8220;name&#8221;:&#8221;Default&#8221;,&#8221;value&#8221;:{&#8220;colors&#8221;:{&#8220;f3080&#8221;:{&#8220;val&#8221;:&#8221;rgb(23, 23, 22)&#8221;},&#8221;f2bba&#8221;:{&#8220;val&#8221;:&#8221;rgba(23, 23, 22, 0.5)&#8221;,&#8221;hsl_parent_dependency&#8221;:{&#8220;h&#8221;:60,&#8221;l&#8221;:0.09,&#8221;s&#8221;:0.02}},&#8221;trewq&#8221;:{&#8220;val&#8221;:&#8221;rgba(23, 23, 22, 0.7)&#8221;,&#8221;hsl_parent_dependency&#8221;:{&#8220;h&#8221;:60,&#8221;l&#8221;:0.09,&#8221;s&#8221;:0.02}},&#8221;poiuy&#8221;:{&#8220;val&#8221;:&#8221;rgba(23, 23, 22, 0.35)&#8221;,&#8221;hsl_parent_dependency&#8221;:{&#8220;h&#8221;:60,&#8221;l&#8221;:0.09,&#8221;s&#8221;:0.02}},&#8221;f83d7&#8243;:{&#8220;val&#8221;:&#8221;rgba(23, 23, 22, 0.4)&#8221;,&#8221;hsl_parent_dependency&#8221;:{&#8220;h&#8221;:60,&#8221;l&#8221;:0.09,&#8221;s&#8221;:0.02}},&#8221;frty6&#8243;:{&#8220;val&#8221;:&#8221;rgba(23, 23, 22, 0.2)&#8221;,&#8221;hsl_parent_dependency&#8221;:{&#8220;h&#8221;:60,&#8221;l&#8221;:0.09,&#8221;s&#8221;:0.02}},&#8221;flktr&#8221;:{&#8220;val&#8221;:&#8221;rgba(23, 23, 22, 0.8)&#8221;,&#8221;hsl_parent_dependency&#8221;:{&#8220;h&#8221;:60,&#8221;l&#8221;:0.09,&#8221;s&#8221;:0.02}}},&#8221;gradients&#8221;:[]},&#8221;original&#8221;:{&#8220;colors&#8221;:{&#8220;f3080&#8221;:{&#8220;val&#8221;:&#8221;rgb(23, 23, 22)&#8221;,&#8221;hsl&#8221;:{&#8220;h&#8221;:60,&#8221;s&#8221;:0.02,&#8221;l&#8221;:0.09}},&#8221;f2bba&#8221;:{&#8220;val&#8221;:&#8221;rgba(23, 23, 22, 0.5)&#8221;,&#8221;hsl_parent_dependency&#8221;:{&#8220;h&#8221;:60,&#8221;s&#8221;:0.02,&#8221;l&#8221;:0.09,&#8221;a&#8221;:0.5}},&#8221;trewq&#8221;:{&#8220;val&#8221;:&#8221;rgba(23, 23, 22, 0.7)&#8221;,&#8221;hsl_parent_dependency&#8221;:{&#8220;h&#8221;:60,&#8221;s&#8221;:0.02,&#8221;l&#8221;:0.09,&#8221;a&#8221;:0.7}},&#8221;poiuy&#8221;:{&#8220;val&#8221;:&#8221;rgba(23, 23, 22, 0.35)&#8221;,&#8221;hsl_parent_dependency&#8221;:{&#8220;h&#8221;:60,&#8221;s&#8221;:0.02,&#8221;l&#8221;:0.09,&#8221;a&#8221;:0.35}},&#8221;f83d7&#8243;:{&#8220;val&#8221;:&#8221;rgba(23, 23, 22, 0.4)&#8221;,&#8221;hsl_parent_dependency&#8221;:{&#8220;h&#8221;:60,&#8221;s&#8221;:0.02,&#8221;l&#8221;:0.09,&#8221;a&#8221;:0.4}},&#8221;frty6&#8243;:{&#8220;val&#8221;:&#8221;rgba(23, 23, 22, 0.2)&#8221;,&#8221;hsl_parent_dependency&#8221;:{&#8220;h&#8221;:60,&#8221;s&#8221;:0.02,&#8221;l&#8221;:0.09,&#8221;a&#8221;:0.2}},&#8221;flktr&#8221;:{&#8220;val&#8221;:&#8221;rgba(23, 23, 22, 0.8)&#8221;,&#8221;hsl_parent_dependency&#8221;:{&#8220;h&#8221;:60,&#8221;s&#8221;:0.02,&#8221;l&#8221;:0.09,&#8221;a&#8221;:0.8}}},&#8221;gradients&#8221;:[]}}]}__CONFIG_colors_palette__  <a href=\"\" target=\"_blank\" rel=\"nofollow\" data-dynamic-link=\"thrive_global_fields_url\" data-shortcode-id=\"fb\" data-id=\"facebook\" data-current-network=\"fb\"> <span style=\"\">    <\/span> <\/a>   <a href=\"\" target=\"_blank\" rel=\"nofollow\" data-dynamic-link=\"thrive_global_fields_url\" data-shortcode-id=\"ig\" data-id=\"icon-instagram\"> <span style=\"\">    <\/span> <\/a>    <span><img decoding=\"async\" class=\"lazyload\" alt=\"\" data-id=\"170\" width=\"232\" data-init-width=\"542\" height=\"36\" data-init-height=\"84\" title=\"Logo ArmoniaViva verde\" src=\"data:image\/gif;base64,R0lGODlhAQABAIAAAAAAAP\/\/\/yH5BAEAAAAALAAAAAABAAEAAAIBRAA7\" data-src=\"https:\/\/armoniaviva.mx\/wp-content\/uploads\/2024\/05\/Logo-ArmoniaViva-verde.png\" data-width=\"232\" data-height=\"36\" style=\"aspect-ratio: auto 542 \/ 84;\" loading=\"lazy\"><noscript><img decoding=\"async\" class=\"lazyload\" alt=\"\" data-id=\"170\" width=\"232\" data-init-width=\"542\" height=\"36\" data-init-height=\"84\" title=\"Logo ArmoniaViva verde\" src=\"https:\/\/armoniaviva.mx\/wp-content\/uploads\/2024\/05\/Logo-ArmoniaViva-verde.png\" data-width=\"232\" data-height=\"36\" style=\"aspect-ratio: auto 542 \/ 84;\" loading=\"lazy\"><\/noscript><\/span> <\/p>\n<p style=\"\">Aclaramos todas tus dudas sobre nuestros servicios<\/p>\n<p>  [tcb-script src=&#8221;https:\/\/link.superleads.mx\/js\/form_embed.js&#8221;][\/tcb-script]  <\/p>","protected":false},"excerpt":{"rendered":"<p>Sana tu cuerpo y mente, encuentra tu equilibrio enArmon\u00eda Viva Haz de tu d\u00eda un paso hacia sentirte bien Vivir debe ser placentero, enfoc\u00e1ndonos en: Estimular el sistema inmunol\u00f3gico Mejorar el equilibrio energ\u00e9tico del cuerpo Estimular la salud mental y emocional Reducir el estr\u00e9s y la ansiedad Promover la autocuraci\u00f3n Ofrecer siempre una alternativa natural [&hellip;]<\/p>","protected":false},"author":1,"featured_media":0,"parent":0,"menu_order":0,"comment_status":"closed","ping_status":"closed","template":"","meta":{"footnotes":""},"class_list":["post-6","page","type-page","status-publish","hentry","post-wrapper","thrv_wrapper"],"_links":{"self":[{"href":"https:\/\/armoniaviva.mx\/en\/wp-json\/wp\/v2\/pages\/6","targetHints":{"allow":["GET"]}}],"collection":[{"href":"https:\/\/armoniaviva.mx\/en\/wp-json\/wp\/v2\/pages"}],"about":[{"href":"https:\/\/armoniaviva.mx\/en\/wp-json\/wp\/v2\/types\/page"}],"author":[{"embeddable":true,"href":"https:\/\/armoniaviva.mx\/en\/wp-json\/wp\/v2\/users\/1"}],"replies":[{"embeddable":true,"href":"https:\/\/armoniaviva.mx\/en\/wp-json\/wp\/v2\/comments?post=6"}],"version-history":[{"count":145,"href":"https:\/\/armoniaviva.mx\/en\/wp-json\/wp\/v2\/pages\/6\/revisions"}],"predecessor-version":[{"id":635,"href":"https:\/\/armoniaviva.mx\/en\/wp-json\/wp\/v2\/pages\/6\/revisions\/635"}],"wp:attachment":[{"href":"https:\/\/armoniaviva.mx\/en\/wp-json\/wp\/v2\/media?parent=6"}],"curies":[{"name":"wp","href":"https:\/\/api.w.org\/{rel}","templated":true}]}}