{"id":551,"date":"2025-08-25T23:29:02","date_gmt":"2025-08-25T23:29:02","guid":{"rendered":"https:\/\/armoniaviva.mx\/?page_id=551"},"modified":"2025-09-01T20:23:02","modified_gmt":"2025-09-01T20:23:02","slug":"terapia-de-la-caja-de-arena-sandtray","status":"publish","type":"page","link":"https:\/\/armoniaviva.mx\/en\/terapia-de-la-caja-de-arena-sandtray\/","title":{"rendered":"Terapia de la Caja de Arena &#8211; SANDTRAY"},"content":{"rendered":"<p>  <a href=\"https:\/\/armoniaviva.mx\/en\/\" data-id-d=\"6\" data-dynamic-link=\"thrive_global_shortcode_url\" data-shortcode-id=\"0\" data-img-style=\"\"><img decoding=\"async\" class=\"lazyload\" src=\"data:image\/gif;base64,R0lGODlhAQABAIAAAAAAAP\/\/\/yH5BAEAAAAALAAAAAABAAEAAAIBRAA7\" data-src=\"https:\/\/armoniaviva.mx\/wp-content\/uploads\/2024\/05\/Logo-ArmoniaViva-verde.png\" height=\"84\" width=\"542\" alt=\"\" style=\"\" loading=\"lazy\"><noscript><img decoding=\"async\" class=\"lazyload\" src=\"https:\/\/armoniaviva.mx\/wp-content\/uploads\/2024\/05\/Logo-ArmoniaViva-verde.png\" height=\"84\" width=\"542\" alt=\"\" style=\"\" loading=\"lazy\"><\/noscript><\/img><\/a><a href=\"https:\/\/armoniaviva.mx\/en\/\" data-id-d=\"6\" data-dynamic-link=\"thrive_global_shortcode_url\" data-shortcode-id=\"0\" data-id-m=\"8\" data-img-style=\"width: 100%;\"><img decoding=\"async\" class=\"lazyload\" src=\"data:image\/gif;base64,R0lGODlhAQABAIAAAAAAAP\/\/\/yH5BAEAAAAALAAAAAABAAEAAAIBRAA7\" data-src=\"https:\/\/armoniaviva.mx\/wp-content\/uploads\/2024\/05\/Logo-ArmoniaViva-verde.png\" height=\"84\" width=\"542\" alt=\"\" style=\"width: 100%;\" loading=\"lazy\"><noscript><img decoding=\"async\" class=\"lazyload\" src=\"https:\/\/armoniaviva.mx\/wp-content\/uploads\/2024\/05\/Logo-ArmoniaViva-verde.png\" height=\"84\" width=\"542\" alt=\"\" style=\"width: 100%;\" loading=\"lazy\"><\/noscript><\/img><\/a>__CONFIG_colors_palette__{&#8220;active_palette&#8221;:0,&#8221;config&#8221;:{&#8220;colors&#8221;:{&#8220;f40e4&#8221;:{&#8220;name&#8221;:&#8221;Main Accent&#8221;,&#8221;parent&#8221;:-1},&#8221;bcced&#8221;:{&#8220;name&#8221;:&#8221;Accent Transparent&#8221;,&#8221;parent&#8221;:&#8221;f40e4&#8243;}},&#8221;gradients&#8221;:[]},&#8221;palettes&#8221;:[{&#8220;name&#8221;:&#8221;Default&#8221;,&#8221;value&#8221;:{&#8220;colors&#8221;:{&#8220;f40e4&#8221;:{&#8220;val&#8221;:&#8221;var(&#8211;tcb-skin-color-0)&#8221;},&#8221;bcced&#8221;:{&#8220;val&#8221;:&#8221;rgba(44, 88, 60, 0.15)&#8221;,&#8221;hsl_parent_dependency&#8221;:{&#8220;h&#8221;:141,&#8221;l&#8221;:0.26,&#8221;s&#8221;:0.33}}},&#8221;gradients&#8221;:[]},&#8221;original&#8221;:{&#8220;colors&#8221;:{&#8220;f40e4&#8221;:{&#8220;val&#8221;:&#8221;rgb(55, 179, 233)&#8221;,&#8221;hsl&#8221;:{&#8220;h&#8221;:198,&#8221;s&#8221;:0.8,&#8221;l&#8221;:0.56,&#8221;a&#8221;:1}},&#8221;bcced&#8221;:{&#8220;val&#8221;:&#8221;rgba(55, 179, 233, 0.15)&#8221;,&#8221;hsl_parent_dependency&#8221;:{&#8220;h&#8221;:198,&#8221;s&#8221;:0.8,&#8221;l&#8221;:0.56,&#8221;a&#8221;:0.15}}},&#8221;gradients&#8221;:[]}}]}__CONFIG_colors_palette__ <a href=\"#\">   <\/a> <\/p>\n<ul id=\"m-198f3bc3a18\" data-iid=\"17\">\n<li data-id=\"1\" data-item-display-desktop=\"text\"> <a href=\"https:\/\/armoniaviva.mx\/en\/\"> <span>Home<\/span><\/a> <\/li>\n<li data-id=\"2\" data-item-display-desktop=\"text\"> <a href=\"https:\/\/armoniaviva.mx\/en\/servicios\/\"> <span>Services<\/span><span><\/span><\/a>\n<ul>\n<li data-id=\"5\" data-item-display-desktop=\"text\"> <a href=\"https:\/\/armoniaviva.mx\/en\/biomagnetismo\/\"> <span>Biomagnetism<\/span><\/a> <\/li>\n<li data-id=\"6\" data-item-display-desktop=\"text\"> <a href=\"https:\/\/armoniaviva.mx\/en\/terapia-saama\/\"> <span>SAAMA therapy<\/span><\/a> <\/li>\n<li data-id=\"3\" data-item-display-desktop=\"text\"> <a href=\"https:\/\/armoniaviva.mx\/en\/reiki\/\"> <span>Reiki<\/span><\/a> <\/li>\n<li data-id=\"4\" data-item-display-desktop=\"text\"> <a href=\"https:\/\/armoniaviva.mx\/en\/masajes\/\"> <span>Massages<\/span><\/a> <\/li>\n<li data-id=\"7\" data-item-display-desktop=\"text\"> <a href=\"https:\/\/armoniaviva.mx\/en\/auriculoterapia\/\"> <span>Auriculotherapy<\/span><\/a> <\/li>\n<li data-id=\"8\" data-item-display-desktop=\"text\"> <a href=\"https:\/\/armoniaviva.mx\/en\/faciales\/\"> <span>Facials<\/span><\/a> <\/li>\n<li data-id=\"9\" data-item-display-desktop=\"text\"> <a href=\"https:\/\/armoniaviva.mx\/en\/cartas-asociativas-oh\/\"> <span>Cartas asociativas OH<\/span><\/a> <\/li>\n<li data-id=\"10\" data-item-display-desktop=\"text\"> <a href=\"https:\/\/armoniaviva.mx\/en\/gestalt-neuro-imaginativa-morfica-nig\/\"> <span>Gestalt Neuro Imaginativa M\u00f3rfica<\/span><\/a> <\/li>\n<li data-id=\"11\" data-item-display-desktop=\"text\"> <a href=\"https:\/\/armoniaviva.mx\/en\/lego-serious-play\/\"> <span>Lego Serious Play<\/span><\/a> <\/li>\n<li data-id=\"12\" data-item-display-desktop=\"text\"> <a href=\"https:\/\/armoniaviva.mx\/en\/terapia-de-la-caja-de-arena-sandtray\/\"> <span>Sandplay therapy<\/span><\/a> <\/li>\n<\/ul>\n<\/li>\n<li data-id=\"13\" data-item-display-desktop=\"text\"> <a href=\"https:\/\/armoniaviva.mx\/en\/testimonios\/\"> <span>Testimonials<\/span><\/a> <\/li>\n<li data-id=\"14\" data-item-display-desktop=\"text\"> <a href=\"https:\/\/armoniaviva.mx\/en\/nosotros\/\"> <span>About us<\/span><\/a> <\/li>\n<li data-id=\"15\" data-item-display-desktop=\"text\"> <a href=\"https:\/\/armoniaviva.mx\/en\/blog\/\"> <span>Blog<\/span><\/a> <\/li>\n<li data-id=\"16\" data-item-display-desktop=\"text\"> <a href=\"https:\/\/armoniaviva.mx\/en\/contacto\/\"> <span>Agendar Cita<\/span><\/a> <\/li>\n<\/ul>\n<p>    __CONFIG_colors_palette__{&#8220;active_palette&#8221;:0,&#8221;config&#8221;:{&#8220;colors&#8221;:{&#8220;62516&#8221;:{&#8220;name&#8221;:&#8221;Main Accent&#8221;,&#8221;parent&#8221;:-1}},&#8221;gradients&#8221;:[]},&#8221;palettes&#8221;:[{&#8220;name&#8221;:&#8221;Default Palette&#8221;,&#8221;value&#8221;:{&#8220;colors&#8221;:{&#8220;62516&#8221;:{&#8220;val&#8221;:&#8221;var(&#8211;tcb-color-3)&#8221;}},&#8221;gradients&#8221;:[]}}]}__CONFIG_colors_palette__ <a href=\"https:\/\/armoniaviva.mx\/en\/contacto\/\" style=\"\"> <span style=\"\"><span style=\"\">Contactar<\/span><\/span> <\/a>  <a href=\"https:\/\/armoniaviva.mx\/en\/\" data-id-d=\"6\" data-dynamic-link=\"thrive_global_shortcode_url\" data-shortcode-id=\"0\" data-img-style=\"\"><img decoding=\"async\" class=\"lazyload\" src=\"data:image\/gif;base64,R0lGODlhAQABAIAAAAAAAP\/\/\/yH5BAEAAAAALAAAAAABAAEAAAIBRAA7\" data-src=\"https:\/\/armoniaviva.mx\/wp-content\/uploads\/2024\/05\/Logo-ArmoniaViva-verde.png\" height=\"84\" width=\"542\" alt=\"\" style=\"\" loading=\"lazy\"><noscript><img decoding=\"async\" class=\"lazyload\" src=\"https:\/\/armoniaviva.mx\/wp-content\/uploads\/2024\/05\/Logo-ArmoniaViva-verde.png\" height=\"84\" width=\"542\" alt=\"\" style=\"\" loading=\"lazy\"><\/noscript><\/img><\/a><a href=\"https:\/\/armoniaviva.mx\/en\/\" data-id-d=\"6\" data-dynamic-link=\"thrive_global_shortcode_url\" data-shortcode-id=\"0\" data-id-m=\"8\" data-img-style=\"width: 100%;\"><img decoding=\"async\" class=\"lazyload\" src=\"data:image\/gif;base64,R0lGODlhAQABAIAAAAAAAP\/\/\/yH5BAEAAAAALAAAAAABAAEAAAIBRAA7\" data-src=\"https:\/\/armoniaviva.mx\/wp-content\/uploads\/2024\/05\/Logo-ArmoniaViva-verde.png\" height=\"84\" width=\"542\" alt=\"\" style=\"width: 100%;\" loading=\"lazy\"><noscript><img decoding=\"async\" class=\"lazyload\" src=\"https:\/\/armoniaviva.mx\/wp-content\/uploads\/2024\/05\/Logo-ArmoniaViva-verde.png\" height=\"84\" width=\"542\" alt=\"\" style=\"width: 100%;\" loading=\"lazy\"><\/noscript><\/img><\/a><\/p>\n<h1 style=\"text-align: left;\">TERAPIA DE LA CAJA DE ARENA (SANDTRAY)<\/h1>\n<p style=\"text-align: left;\"><strong>Explora y expresa tu mundo interior a trav\u00e9s de la terapia de la caja de arena. Un espacio seguro para descubrir, procesar y transformar emociones sin palabras<\/strong><\/p>\n<p>\u00bfQu\u00e9 es la terapia de la caja de arena?<\/p>\n<p><strong>Sandtray o terapia de la caja de arena, es un m\u00e9todo en el que el cliente &#8220;crea un mundo&#8221;, en una caja de arena utilizando una variedad de figuras miniatura. La historia no verbal, met\u00e1foras moldeando realidades, brindan la oportunidad de expresar, procesar e integrar material consciente e inconsciente a los que no se puede acceder a trav\u00e9s de la terapia de conversaci\u00f3n. El terapeuta act\u00faa como un observador que sobre todo escucha, sin prejuicios y facilita las herramientas para la expresi\u00f3n del cliente en un espacio seguro.<\/strong><\/p>\n<p><span><img decoding=\"async\" class=\"lazyload\" alt=\"\" data-id=\"554\" width=\"473\" data-init-width=\"800\" height=\"314\" data-init-height=\"530\" title=\"image 12 (1)\" src=\"data:image\/gif;base64,R0lGODlhAQABAIAAAAAAAP\/\/\/yH5BAEAAAAALAAAAAABAAEAAAIBRAA7\" data-src=\"https:\/\/armoniaviva.mx\/wp-content\/uploads\/2025\/08\/image-12-1.png\" data-width=\"473\" data-height=\"314\" style=\"aspect-ratio: auto 800 \/ 530;\" loading=\"lazy\"><noscript><img decoding=\"async\" class=\"lazyload\" alt=\"\" data-id=\"554\" width=\"473\" data-init-width=\"800\" height=\"314\" data-init-height=\"530\" title=\"image 12 (1)\" src=\"https:\/\/armoniaviva.mx\/wp-content\/uploads\/2025\/08\/image-12-1.png\" data-width=\"473\" data-height=\"314\" style=\"aspect-ratio: auto 800 \/ 530;\" loading=\"lazy\"><\/noscript><\/span><\/p>\n<h1 style=\"text-align: center;\">Beneficios de la Terapia de la Caja de Arena<\/h1>\n<p style=\"\">Expresi\u00f3n no verbal<\/p>\n<p data-end=\"364\" data-start=\"211\">Permite comunicar pensamientos y emociones dif\u00edciles de poner en palabras.<\/p>\n<p style=\"\">Refuerzo del autoconocimiento<\/p>\n<p>Facilita la exploraci\u00f3n personal y la comprensi\u00f3n de patrones internos.<\/p>\n<p>Procesamiento emocional profundo<\/p>\n<p data-end=\"503\" data-start=\"366\" style=\"\">Ayuda a integrar experiencias conscientes e inconscientes de manera segura.<\/p>\n<p style=\"\">Espacio seguro y sin juicios<\/p>\n<p style=\"\">El terapeuta acompa\u00f1a y gu\u00eda, respetando el ritmo y la creatividad del cliente.<\/p>\n<p>  <span><img decoding=\"async\" class=\"lazyload\" alt=\"\" data-id=\"322\" width=\"282\" data-init-width=\"515\" height=\"668\" data-init-height=\"1220\" title=\"Shape (2) (1)\" src=\"data:image\/gif;base64,R0lGODlhAQABAIAAAAAAAP\/\/\/yH5BAEAAAAALAAAAAABAAEAAAIBRAA7\" data-src=\"https:\/\/armoniaviva.mx\/wp-content\/uploads\/2024\/08\/Shape-2-1.png\" data-width=\"282\" data-height=\"668\" style=\"aspect-ratio: auto 515 \/ 1220;\" loading=\"lazy\"><noscript><img decoding=\"async\" class=\"lazyload\" alt=\"\" data-id=\"322\" width=\"282\" data-init-width=\"515\" height=\"668\" data-init-height=\"1220\" title=\"Shape (2) (1)\" src=\"https:\/\/armoniaviva.mx\/wp-content\/uploads\/2024\/08\/Shape-2-1.png\" data-width=\"282\" data-height=\"668\" style=\"aspect-ratio: auto 515 \/ 1220;\" loading=\"lazy\"><\/noscript><\/span>  <\/p>\n<p style=\"text-align: center;\"><strong>Have questions?<\/strong><\/p>\n<p style=\"text-align: center;\">Leave us a message and we will get back to you as soon as possible.<\/p>\n<p style=\"\"><strong>Escr\u00edbenos&#8230;<\/strong><\/p>\n<p><span><a href=\"mailto:info@armoniaviva.mx\" rel=\"nofollow\"><img decoding=\"async\" class=\"lazyload\" alt=\"\" data-id=\"110\" width=\"54\" data-init-width=\"128\" height=\"54\" data-init-height=\"128\" title=\"Icon_mail (1)\" src=\"data:image\/gif;base64,R0lGODlhAQABAIAAAAAAAP\/\/\/yH5BAEAAAAALAAAAAABAAEAAAIBRAA7\" data-src=\"https:\/\/armoniaviva.mx\/wp-content\/uploads\/2024\/05\/Icon_mail-1.png\" data-width=\"54\" data-height=\"54\" style=\"aspect-ratio: auto 128 \/ 128;\" data-link-wrap=\"true\" loading=\"lazy\"><noscript><img decoding=\"async\" class=\"lazyload\" alt=\"\" data-id=\"110\" width=\"54\" data-init-width=\"128\" height=\"54\" data-init-height=\"128\" title=\"Icon_mail (1)\" src=\"https:\/\/armoniaviva.mx\/wp-content\/uploads\/2024\/05\/Icon_mail-1.png\" data-width=\"54\" data-height=\"54\" style=\"aspect-ratio: auto 128 \/ 128;\" data-link-wrap=\"true\" loading=\"lazy\"><\/noscript><\/a><\/span><\/p>\n<h2 style=\"text-align: left;\"><span>Email<\/span><\/h2>\n<p style=\"\"><a href=\"mailto:info@armoniaviva.mx\" rel=\"nofollow\" style=\"outline: none;\">info@armoniaviva.mx<\/a><\/p>\n<p><span><a href=\"https:\/\/api.whatsapp.com\/send?phone=528712512189\" rel=\"nofollow\"><img decoding=\"async\" class=\"lazyload\" alt=\"\" data-id=\"109\" width=\"54\" data-init-width=\"128\" height=\"54\" data-init-height=\"128\" title=\"Icon_whatsapp (1)\" src=\"data:image\/gif;base64,R0lGODlhAQABAIAAAAAAAP\/\/\/yH5BAEAAAAALAAAAAABAAEAAAIBRAA7\" data-src=\"https:\/\/armoniaviva.mx\/wp-content\/uploads\/2024\/05\/Icon_whatsapp-1.png\" data-width=\"54\" data-height=\"54\" style=\"aspect-ratio: auto 128 \/ 128;\" data-link-wrap=\"true\" loading=\"lazy\"><noscript><img decoding=\"async\" class=\"lazyload\" alt=\"\" data-id=\"109\" width=\"54\" data-init-width=\"128\" height=\"54\" data-init-height=\"128\" title=\"Icon_whatsapp (1)\" src=\"https:\/\/armoniaviva.mx\/wp-content\/uploads\/2024\/05\/Icon_whatsapp-1.png\" data-width=\"54\" data-height=\"54\" style=\"aspect-ratio: auto 128 \/ 128;\" data-link-wrap=\"true\" loading=\"lazy\"><\/noscript><\/a><\/span><\/p>\n<h2 style=\"text-align: left;\"><span>WhatsApp<\/span><\/h2>\n<p style=\"\"><a href=\"https:\/\/api.whatsapp.com\/send?phone=528712512189\" rel=\"nofollow\" style=\"outline: none;\"><span>+52 871 251 2189<\/span><\/a><\/p>\n<p><span><a href=\"https:\/\/maps.app.goo.gl\/4zZnT4LVuEXi12VPA\" rel=\"nofollow\"><img decoding=\"async\" class=\"lazyload\" alt=\"\" data-id=\"112\" width=\"54\" data-init-width=\"128\" height=\"54\" data-init-height=\"128\" title=\"Icon_map (1)\" src=\"data:image\/gif;base64,R0lGODlhAQABAIAAAAAAAP\/\/\/yH5BAEAAAAALAAAAAABAAEAAAIBRAA7\" data-src=\"https:\/\/armoniaviva.mx\/wp-content\/uploads\/2024\/05\/Icon_map-1.png\" data-width=\"54\" data-height=\"54\" style=\"aspect-ratio: auto 128 \/ 128;\" data-link-wrap=\"true\" loading=\"lazy\"><noscript><img decoding=\"async\" class=\"lazyload\" alt=\"\" data-id=\"112\" width=\"54\" data-init-width=\"128\" height=\"54\" data-init-height=\"128\" title=\"Icon_map (1)\" src=\"https:\/\/armoniaviva.mx\/wp-content\/uploads\/2024\/05\/Icon_map-1.png\" data-width=\"54\" data-height=\"54\" style=\"aspect-ratio: auto 128 \/ 128;\" data-link-wrap=\"true\" loading=\"lazy\"><\/noscript><\/a><\/span><\/p>\n<p style=\"\"><a href=\"https:\/\/maps.app.goo.gl\/zWZAgC3F2DS4o7JA7\" rel=\"nofollow\" style=\"outline: none;\" target=\"_blank\"><span><span>Jorge Mu\u00f1oz 207, Las Margaritas, 27130 Torre\u00f3n, Coah.<\/span><\/span><\/a><\/p>\n<p style=\"\"><span><span>Con\u00e9ctate con nosotros<\/span><\/span><\/p>\n<p>__CONFIG_colors_palette__{&#8220;active_palette&#8221;:0,&#8221;config&#8221;:{&#8220;colors&#8221;:{&#8220;f3080&#8221;:{&#8220;name&#8221;:&#8221;Main Accent&#8221;,&#8221;parent&#8221;:-1},&#8221;f2bba&#8221;:{&#8220;name&#8221;:&#8221;Main Light 10&#8243;,&#8221;parent&#8221;:&#8221;f3080&#8243;},&#8221;trewq&#8221;:{&#8220;name&#8221;:&#8221;Main Light 30&#8243;,&#8221;parent&#8221;:&#8221;f3080&#8243;},&#8221;poiuy&#8221;:{&#8220;name&#8221;:&#8221;Main Light 80&#8243;,&#8221;parent&#8221;:&#8221;f3080&#8243;},&#8221;f83d7&#8243;:{&#8220;name&#8221;:&#8221;Main Light 80&#8243;,&#8221;parent&#8221;:&#8221;f3080&#8243;},&#8221;frty6&#8243;:{&#8220;name&#8221;:&#8221;Main Light 45&#8243;,&#8221;parent&#8221;:&#8221;f3080&#8243;},&#8221;flktr&#8221;:{&#8220;name&#8221;:&#8221;Main Light 80&#8243;,&#8221;parent&#8221;:&#8221;f3080&#8243;}},&#8221;gradients&#8221;:[]},&#8221;palettes&#8221;:[{&#8220;name&#8221;:&#8221;Default&#8221;,&#8221;value&#8221;:{&#8220;colors&#8221;:{&#8220;f3080&#8221;:{&#8220;val&#8221;:&#8221;rgb(23, 23, 22)&#8221;},&#8221;f2bba&#8221;:{&#8220;val&#8221;:&#8221;rgba(23, 23, 22, 0.5)&#8221;,&#8221;hsl_parent_dependency&#8221;:{&#8220;h&#8221;:60,&#8221;l&#8221;:0.09,&#8221;s&#8221;:0.02}},&#8221;trewq&#8221;:{&#8220;val&#8221;:&#8221;rgba(23, 23, 22, 0.7)&#8221;,&#8221;hsl_parent_dependency&#8221;:{&#8220;h&#8221;:60,&#8221;l&#8221;:0.09,&#8221;s&#8221;:0.02}},&#8221;poiuy&#8221;:{&#8220;val&#8221;:&#8221;rgba(23, 23, 22, 0.35)&#8221;,&#8221;hsl_parent_dependency&#8221;:{&#8220;h&#8221;:60,&#8221;l&#8221;:0.09,&#8221;s&#8221;:0.02}},&#8221;f83d7&#8243;:{&#8220;val&#8221;:&#8221;rgba(23, 23, 22, 0.4)&#8221;,&#8221;hsl_parent_dependency&#8221;:{&#8220;h&#8221;:60,&#8221;l&#8221;:0.09,&#8221;s&#8221;:0.02}},&#8221;frty6&#8243;:{&#8220;val&#8221;:&#8221;rgba(23, 23, 22, 0.2)&#8221;,&#8221;hsl_parent_dependency&#8221;:{&#8220;h&#8221;:60,&#8221;l&#8221;:0.09,&#8221;s&#8221;:0.02}},&#8221;flktr&#8221;:{&#8220;val&#8221;:&#8221;rgba(23, 23, 22, 0.8)&#8221;,&#8221;hsl_parent_dependency&#8221;:{&#8220;h&#8221;:60,&#8221;l&#8221;:0.09,&#8221;s&#8221;:0.02}}},&#8221;gradients&#8221;:[]},&#8221;original&#8221;:{&#8220;colors&#8221;:{&#8220;f3080&#8221;:{&#8220;val&#8221;:&#8221;rgb(23, 23, 22)&#8221;,&#8221;hsl&#8221;:{&#8220;h&#8221;:60,&#8221;s&#8221;:0.02,&#8221;l&#8221;:0.09}},&#8221;f2bba&#8221;:{&#8220;val&#8221;:&#8221;rgba(23, 23, 22, 0.5)&#8221;,&#8221;hsl_parent_dependency&#8221;:{&#8220;h&#8221;:60,&#8221;s&#8221;:0.02,&#8221;l&#8221;:0.09,&#8221;a&#8221;:0.5}},&#8221;trewq&#8221;:{&#8220;val&#8221;:&#8221;rgba(23, 23, 22, 0.7)&#8221;,&#8221;hsl_parent_dependency&#8221;:{&#8220;h&#8221;:60,&#8221;s&#8221;:0.02,&#8221;l&#8221;:0.09,&#8221;a&#8221;:0.7}},&#8221;poiuy&#8221;:{&#8220;val&#8221;:&#8221;rgba(23, 23, 22, 0.35)&#8221;,&#8221;hsl_parent_dependency&#8221;:{&#8220;h&#8221;:60,&#8221;s&#8221;:0.02,&#8221;l&#8221;:0.09,&#8221;a&#8221;:0.35}},&#8221;f83d7&#8243;:{&#8220;val&#8221;:&#8221;rgba(23, 23, 22, 0.4)&#8221;,&#8221;hsl_parent_dependency&#8221;:{&#8220;h&#8221;:60,&#8221;s&#8221;:0.02,&#8221;l&#8221;:0.09,&#8221;a&#8221;:0.4}},&#8221;frty6&#8243;:{&#8220;val&#8221;:&#8221;rgba(23, 23, 22, 0.2)&#8221;,&#8221;hsl_parent_dependency&#8221;:{&#8220;h&#8221;:60,&#8221;s&#8221;:0.02,&#8221;l&#8221;:0.09,&#8221;a&#8221;:0.2}},&#8221;flktr&#8221;:{&#8220;val&#8221;:&#8221;rgba(23, 23, 22, 0.8)&#8221;,&#8221;hsl_parent_dependency&#8221;:{&#8220;h&#8221;:60,&#8221;s&#8221;:0.02,&#8221;l&#8221;:0.09,&#8221;a&#8221;:0.8}}},&#8221;gradients&#8221;:[]}}]}__CONFIG_colors_palette__  <a href=\"\" target=\"_blank\" rel=\"nofollow\" data-dynamic-link=\"thrive_global_fields_url\" data-shortcode-id=\"fb\" data-id=\"facebook\" data-current-network=\"fb\"> <span style=\"\">    <\/span> <\/a>   <a href=\"\" target=\"_blank\" rel=\"nofollow\" data-dynamic-link=\"thrive_global_fields_url\" data-shortcode-id=\"ig\" data-id=\"icon-instagram\"> <span style=\"\">    <\/span> <\/a>    <span><img decoding=\"async\" class=\"lazyload\" alt=\"\" data-id=\"170\" width=\"232\" data-init-width=\"542\" height=\"36\" data-init-height=\"84\" title=\"Logo ArmoniaViva verde\" src=\"data:image\/gif;base64,R0lGODlhAQABAIAAAAAAAP\/\/\/yH5BAEAAAAALAAAAAABAAEAAAIBRAA7\" data-src=\"https:\/\/armoniaviva.mx\/wp-content\/uploads\/2024\/05\/Logo-ArmoniaViva-verde.png\" data-width=\"232\" data-height=\"36\" style=\"aspect-ratio: auto 542 \/ 84;\" loading=\"lazy\"><noscript><img decoding=\"async\" class=\"lazyload\" alt=\"\" data-id=\"170\" width=\"232\" data-init-width=\"542\" height=\"36\" data-init-height=\"84\" title=\"Logo ArmoniaViva verde\" src=\"https:\/\/armoniaviva.mx\/wp-content\/uploads\/2024\/05\/Logo-ArmoniaViva-verde.png\" data-width=\"232\" data-height=\"36\" style=\"aspect-ratio: auto 542 \/ 84;\" loading=\"lazy\"><\/noscript><\/span> <\/p>\n<p style=\"\">Aclaramos todas tus dudas sobre nuestros servicios<\/p>\n<p>  [tcb-script src=&#8221;https:\/\/link.superleads.mx\/js\/form_embed.js&#8221;][\/tcb-script]  <\/p>","protected":false},"excerpt":{"rendered":"<p>__CONFIG_colors_palette__{&#8220;active_palette&#8221;:0,&#8221;config&#8221;:{&#8220;colors&#8221;:{&#8220;f40e4&#8221;:{&#8220;name&#8221;:&#8221;Main Accent&#8221;,&#8221;parent&#8221;:-1},&#8221;bcced&#8221;:{&#8220;name&#8221;:&#8221;Accent Transparent&#8221;,&#8221;parent&#8221;:&#8221;f40e4&#8243;}},&#8221;gradients&#8221;:[]},&#8221;palettes&#8221;:[{&#8220;name&#8221;:&#8221;Default&#8221;,&#8221;value&#8221;:{&#8220;colors&#8221;:{&#8220;f40e4&#8221;:{&#8220;val&#8221;:&#8221;var(&#8211;tcb-skin-color-0)&#8221;},&#8221;bcced&#8221;:{&#8220;val&#8221;:&#8221;rgba(44, 88, 60, 0.15)&#8221;,&#8221;hsl_parent_dependency&#8221;:{&#8220;h&#8221;:141,&#8221;l&#8221;:0.26,&#8221;s&#8221;:0.33}}},&#8221;gradients&#8221;:[]},&#8221;original&#8221;:{&#8220;colors&#8221;:{&#8220;f40e4&#8221;:{&#8220;val&#8221;:&#8221;rgb(55, 179, 233)&#8221;,&#8221;hsl&#8221;:{&#8220;h&#8221;:198,&#8221;s&#8221;:0.8,&#8221;l&#8221;:0.56,&#8221;a&#8221;:1}},&#8221;bcced&#8221;:{&#8220;val&#8221;:&#8221;rgba(55, 179, 233, 0.15)&#8221;,&#8221;hsl_parent_dependency&#8221;:{&#8220;h&#8221;:198,&#8221;s&#8221;:0.8,&#8221;l&#8221;:0.56,&#8221;a&#8221;:0.15}}},&#8221;gradients&#8221;:[]}}]}__CONFIG_colors_palette__ Home Servicios Biomagnetismo Terapia Saama Reiki Masajes Auriculoterapia Faciales Cartas asociativas OH Gestalt Neuro Imaginativa M\u00f3rfica Lego Serious Play Terapia de la Caja de Arena Testimonios Nosotros Blog Agendar Cita __CONFIG_colors_palette__{&#8220;active_palette&#8221;:0,&#8221;config&#8221;:{&#8220;colors&#8221;:{&#8220;62516&#8221;:{&#8220;name&#8221;:&#8221;Main Accent&#8221;,&#8221;parent&#8221;:-1}},&#8221;gradients&#8221;:[]},&#8221;palettes&#8221;:[{&#8220;name&#8221;:&#8221;Default Palette&#8221;,&#8221;value&#8221;:{&#8220;colors&#8221;:{&#8220;62516&#8221;:{&#8220;val&#8221;:&#8221;var(&#8211;tcb-color-3)&#8221;}},&#8221;gradients&#8221;:[]}}]}__CONFIG_colors_palette__ Contactar TERAPIA DE LA CAJA DE ARENA (SANDTRAY) Explora y expresa [&hellip;]<\/p>","protected":false},"author":1,"featured_media":0,"parent":0,"menu_order":0,"comment_status":"closed","ping_status":"closed","template":"","meta":{"footnotes":""},"class_list":["post-551","page","type-page","status-publish","hentry","post-wrapper","thrv_wrapper"],"_links":{"self":[{"href":"https:\/\/armoniaviva.mx\/en\/wp-json\/wp\/v2\/pages\/551","targetHints":{"allow":["GET"]}}],"collection":[{"href":"https:\/\/armoniaviva.mx\/en\/wp-json\/wp\/v2\/pages"}],"about":[{"href":"https:\/\/armoniaviva.mx\/en\/wp-json\/wp\/v2\/types\/page"}],"author":[{"embeddable":true,"href":"https:\/\/armoniaviva.mx\/en\/wp-json\/wp\/v2\/users\/1"}],"replies":[{"embeddable":true,"href":"https:\/\/armoniaviva.mx\/en\/wp-json\/wp\/v2\/comments?post=551"}],"version-history":[{"count":4,"href":"https:\/\/armoniaviva.mx\/en\/wp-json\/wp\/v2\/pages\/551\/revisions"}],"predecessor-version":[{"id":629,"href":"https:\/\/armoniaviva.mx\/en\/wp-json\/wp\/v2\/pages\/551\/revisions\/629"}],"wp:attachment":[{"href":"https:\/\/armoniaviva.mx\/en\/wp-json\/wp\/v2\/media?parent=551"}],"curies":[{"name":"wp","href":"https:\/\/api.w.org\/{rel}","templated":true}]}}