{"id":421,"date":"2024-10-31T19:51:34","date_gmt":"2024-10-31T19:51:34","guid":{"rendered":"https:\/\/armoniaviva.mx\/?page_id=421"},"modified":"2025-08-25T20:37:13","modified_gmt":"2025-08-25T20:37:13","slug":"terapia-saama","status":"publish","type":"page","link":"https:\/\/armoniaviva.mx\/en\/terapia-saama\/","title":{"rendered":"SAAMA therapy"},"content":{"rendered":"<h1 style=\"text-align: left;\">SAAMA therapy<\/h1>\n<p style=\"text-align: left;\"><strong>SAAMA significa \u201camanecer\u201d en lengua maya. Una nueva oportunidad de ver el mundo de forma diferente. SAAMA es la expresi\u00f3n de la Mente Cu\u00e1ntica aplicada a la salud, el crecimiento y la evoluci\u00f3n de las personas<\/strong><\/p>\n<p style=\"\">\u00bfQu\u00e9 es la terapia Saama?<\/p>\n<p style=\"\">La terapeuta (Saamadora) no ve enfermedades, sino vibraciones desequilibradas. A trav\u00e9s de la intenci\u00f3n y la conexi\u00f3n con el Yo Superior, se utiliza la kinesiolog\u00eda para identificar y corregir estas vibraciones, afectando de manera positiva los diferentes cuerpos de la persona: f\u00edsico, mental, emocional y espiritual.<\/p>\n<p><span><img decoding=\"async\" class=\"lazyload\" alt=\"\" data-id=\"414\" width=\"408\" data-init-width=\"1526\" height=\"293\" data-init-height=\"1096\" title=\"que-es-terapia-saama\" src=\"data:image\/gif;base64,R0lGODlhAQABAIAAAAAAAP\/\/\/yH5BAEAAAAALAAAAAABAAEAAAIBRAA7\" data-src=\"https:\/\/armoniaviva.mx\/wp-content\/uploads\/2024\/10\/que-es-terapia-saama.png\" data-width=\"408\" data-height=\"293\" style=\"aspect-ratio: auto 1526 \/ 1096;\" loading=\"lazy\"><noscript><img decoding=\"async\" class=\"lazyload\" alt=\"\" data-id=\"414\" width=\"408\" data-init-width=\"1526\" height=\"293\" data-init-height=\"1096\" title=\"que-es-terapia-saama\" src=\"https:\/\/armoniaviva.mx\/wp-content\/uploads\/2024\/10\/que-es-terapia-saama.png\" data-width=\"408\" data-height=\"293\" style=\"aspect-ratio: auto 1526 \/ 1096;\" loading=\"lazy\"><\/noscript><\/span><\/p>\n<h1 style=\"text-align: center;\">Beneficios de terapia Saama<\/h1>\n<p style=\"\">Enfoque Integral<\/p>\n<p style=\"\">Trabaja sobre varios niveles del ser (f\u00edsico, mental, emocional y espiritual), promoviendo un bienestar hol\u00edstico.<\/p>\n<p style=\"\">Personalizaci\u00f3n<\/p>\n<p style=\"\">Cada sesi\u00f3n se adapta a las necesidades espec\u00edficas de la persona, a trav\u00e9s de la conexi\u00f3n con su Yo Superior.<\/p>\n<p style=\"\">Correcci\u00f3n Energ\u00e9tica<\/p>\n<p style=\"\">Utiliza la energ\u00eda del coraz\u00f3n y la intenci\u00f3n para restaurar el equilibrio vibracional.<\/p>\n<p style=\"\">M\u00e9todo no invasivo<\/p>\n<p style=\"\">La t\u00e9cnica no requiere intervenci\u00f3n f\u00edsica, lo que la hace segura y accesible.<\/p>\n<p style=\"\">Evoluci\u00f3n Personal<\/p>\n<p style=\"\">Facilita el crecimiento y la transformaci\u00f3n, ayudando a ver el mundo de manera diferente.<\/p>\n<h1 style=\"text-align: center;\">Frequently Asked Questions<\/h1>","protected":false},"excerpt":{"rendered":"<p>Terapia Saama SAAMA significa \u201camanecer\u201d en lengua maya. Una nueva oportunidad de ver el mundo de forma diferente. SAAMA es la expresi\u00f3n de la Mente Cu\u00e1ntica aplicada a la salud, el crecimiento y la evoluci\u00f3n de las personas \u00bfQu\u00e9 es la terapia Saama? La terapeuta (Saamadora) no ve enfermedades, sino vibraciones desequilibradas. A trav\u00e9s de [&hellip;]<\/p>","protected":false},"author":1,"featured_media":0,"parent":0,"menu_order":0,"comment_status":"closed","ping_status":"closed","template":"","meta":{"footnotes":""},"class_list":["post-421","page","type-page","status-publish","hentry","post-wrapper","thrv_wrapper"],"_links":{"self":[{"href":"https:\/\/armoniaviva.mx\/en\/wp-json\/wp\/v2\/pages\/421","targetHints":{"allow":["GET"]}}],"collection":[{"href":"https:\/\/armoniaviva.mx\/en\/wp-json\/wp\/v2\/pages"}],"about":[{"href":"https:\/\/armoniaviva.mx\/en\/wp-json\/wp\/v2\/types\/page"}],"author":[{"embeddable":true,"href":"https:\/\/armoniaviva.mx\/en\/wp-json\/wp\/v2\/users\/1"}],"replies":[{"embeddable":true,"href":"https:\/\/armoniaviva.mx\/en\/wp-json\/wp\/v2\/comments?post=421"}],"version-history":[{"count":14,"href":"https:\/\/armoniaviva.mx\/en\/wp-json\/wp\/v2\/pages\/421\/revisions"}],"predecessor-version":[{"id":529,"href":"https:\/\/armoniaviva.mx\/en\/wp-json\/wp\/v2\/pages\/421\/revisions\/529"}],"wp:attachment":[{"href":"https:\/\/armoniaviva.mx\/en\/wp-json\/wp\/v2\/media?parent=421"}],"curies":[{"name":"wp","href":"https:\/\/api.w.org\/{rel}","templated":true}]}}