{"id":248,"date":"2024-06-04T19:41:04","date_gmt":"2024-06-04T19:41:04","guid":{"rendered":"https:\/\/armoniaviva.mx\/?page_id=248"},"modified":"2024-11-15T22:12:26","modified_gmt":"2024-11-15T22:12:26","slug":"testimonios","status":"publish","type":"page","link":"https:\/\/armoniaviva.mx\/en\/testimonios\/","title":{"rendered":"Testimonials"},"content":{"rendered":"<p>  __CONFIG_group_edit__{&#8220;kclrhx8y&#8221;:{&#8220;name&#8221;:&#8221;Name&#8221;,&#8221;singular&#8221;:&#8221;&#8211; Text %s&#8221;},&#8221;kclrmhf9&#8243;:{&#8220;name&#8221;:&#8221;Occupation&#8221;,&#8221;singular&#8221;:&#8221;&#8211; Text %s&#8221;},&#8221;kclrmoej&#8221;:{&#8220;name&#8221;:&#8221;Image&#8221;,&#8221;singular&#8221;:&#8221;&#8211; Image %s&#8221;},&#8221;kclskagi&#8221;:{&#8220;name&#8221;:&#8221;All Star Rating(s)&#8221;,&#8221;singular&#8221;:&#8221;&#8211; Star Rating %s&#8221;},&#8221;kclskhd7&#8243;:{&#8220;name&#8221;:&#8221;Image Column&#8221;,&#8221;singular&#8221;:&#8221;&#8211; Column %s&#8221;},&#8221;kclskr4j&#8221;:{&#8220;name&#8221;:&#8221;Name Columns&#8221;,&#8221;singular&#8221;:&#8221;&#8211; Column %s&#8221;},&#8221;kclskzxr&#8221;:{&#8220;name&#8221;:&#8221;Star Rating Column&#8221;,&#8221;singular&#8221;:&#8221;&#8211; Column %s&#8221;},&#8221;kclsp1vg&#8221;:{&#8220;name&#8221;:&#8221;Small Columns&#8221;,&#8221;singular&#8221;:&#8221;&#8211; Columns %s&#8221;},&#8221;kclsp989&#8243;:{&#8220;name&#8221;:&#8221;Divider&#8221;,&#8221;singular&#8221;:&#8221;&#8211; Divider %s&#8221;},&#8221;kclspeyn&#8221;:{&#8220;name&#8221;:&#8221;Text&#8221;,&#8221;singular&#8221;:&#8221;&#8211; Text %s&#8221;},&#8221;kclspjhr&#8221;:{&#8220;name&#8221;:&#8221;Testimonial Box&#8221;,&#8221;singular&#8221;:&#8221;&#8211; Content Box %s&#8221;},&#8221;kclsprlx&#8221;:{&#8220;name&#8221;:&#8221;Main Column&#8221;,&#8221;singular&#8221;:&#8221;&#8211; Column %s&#8221;},&#8221;kclspxr2&#8243;:{&#8220;name&#8221;:&#8221;Main Columns&#8221;,&#8221;singular&#8221;:&#8221;&#8211; Columns %s&#8221;}}__CONFIG_group_edit__  <\/p>\n<p style=\"text-align: center;\"><strong>Testimonials<\/strong><\/p>\n<p>  Carrusel de Testimonios     <img decoding=\"async\" class=\"lazyload\" src=\"data:image\/gif;base64,R0lGODlhAQABAIAAAAAAAP\/\/\/yH5BAEAAAAALAAAAAABAAEAAAIBRAA7\" data-src=\"https:\/\/armoniaviva.mx\/wp-content\/uploads\/2024\/11\/stars.png\" loading=\"lazy\"><noscript><img decoding=\"async\" class=\"lazyload\" src=\"https:\/\/armoniaviva.mx\/wp-content\/uploads\/2024\/11\/stars.png\" loading=\"lazy\"><\/noscript> <\/p>\n<p>\u201cLos imanes me han cambiado la vida. Desde la pandemia, comenc\u00e9 con biomagnetismo y siento que todo se ha equilibrado, tanto f\u00edsica como energ\u00e9ticamente. \u00a1Recomiendo a Marce para cualquier situaci\u00f3n!\u201d<\/p>\n<h4>&#8211; Carlos Uvence<\/h4>\n<p>   <img decoding=\"async\" class=\"lazyload\" src=\"data:image\/gif;base64,R0lGODlhAQABAIAAAAAAAP\/\/\/yH5BAEAAAAALAAAAAABAAEAAAIBRAA7\" data-src=\"https:\/\/armoniaviva.mx\/wp-content\/uploads\/2024\/11\/stars.png\" loading=\"lazy\"><noscript><img decoding=\"async\" class=\"lazyload\" src=\"https:\/\/armoniaviva.mx\/wp-content\/uploads\/2024\/11\/stars.png\" loading=\"lazy\"><\/noscript> <\/p>\n<p>\u201cMarce me ha ayudado mucho con cualquier malestar que traigo. Conf\u00edo totalmente en su forma de manejar el biomagnetismo y siempre noto la diferencia.\u201d<\/p>\n<h4>&#8211; Barbara Cepeda<\/h4>\n<p>   <img decoding=\"async\" class=\"lazyload\" src=\"data:image\/gif;base64,R0lGODlhAQABAIAAAAAAAP\/\/\/yH5BAEAAAAALAAAAAABAAEAAAIBRAA7\" data-src=\"https:\/\/armoniaviva.mx\/wp-content\/uploads\/2024\/11\/stars.png\" loading=\"lazy\"><noscript><img decoding=\"async\" class=\"lazyload\" src=\"https:\/\/armoniaviva.mx\/wp-content\/uploads\/2024\/11\/stars.png\" loading=\"lazy\"><\/noscript> <\/p>\n<p>\u201cComenc\u00e9 por s\u00edntomas de salud, y aunque a veces recaigo, Marce siempre est\u00e1 ah\u00ed con dedicaci\u00f3n y apoyo. La recomiendo mucho porque su tratamiento es eficaz y ella est\u00e1 dispuesta a ayudar en todo momento.\u201d<\/p>\n<h4>&#8211; Rosario Revuelta<\/h4>\n<p>   <img decoding=\"async\" class=\"lazyload\" src=\"data:image\/gif;base64,R0lGODlhAQABAIAAAAAAAP\/\/\/yH5BAEAAAAALAAAAAABAAEAAAIBRAA7\" data-src=\"https:\/\/armoniaviva.mx\/wp-content\/uploads\/2024\/11\/stars.png\" loading=\"lazy\"><noscript><img decoding=\"async\" class=\"lazyload\" src=\"https:\/\/armoniaviva.mx\/wp-content\/uploads\/2024\/11\/stars.png\" loading=\"lazy\"><\/noscript> <\/p>\n<p>\u201cHe recurrido a esta terapia varias veces, especialmente antes de cirug\u00edas, para mejorar mi recuperaci\u00f3n y reducir el dolor. Aunque no hay contacto f\u00edsico, los beneficios son reales. \u00a1Comprobado en m\u00faltiples ocasiones!\u201d<\/p>\n<h4>&#8211; Cynthia de la Cruz<\/h4>\n<p>   <img decoding=\"async\" class=\"lazyload\" src=\"data:image\/gif;base64,R0lGODlhAQABAIAAAAAAAP\/\/\/yH5BAEAAAAALAAAAAABAAEAAAIBRAA7\" data-src=\"https:\/\/armoniaviva.mx\/wp-content\/uploads\/2024\/11\/stars.png\" loading=\"lazy\"><noscript><img decoding=\"async\" class=\"lazyload\" src=\"https:\/\/armoniaviva.mx\/wp-content\/uploads\/2024\/11\/stars.png\" loading=\"lazy\"><\/noscript> <\/p>\n<p>\u201cContrat\u00e9 la terapia para cuidar de mi hijo y para la prevenci\u00f3n de malestares en mi familia. Los beneficios han sido muchos: nos sentimos m\u00e1s saludables y en paz. La recomiendo ampliamente, ya que con Marce hemos visto grandes resultados.\u201d<\/p>\n<h4>&#8211; Lorena Campos<\/h4>\n<p>   <img decoding=\"async\" class=\"lazyload\" src=\"data:image\/gif;base64,R0lGODlhAQABAIAAAAAAAP\/\/\/yH5BAEAAAAALAAAAAABAAEAAAIBRAA7\" data-src=\"https:\/\/armoniaviva.mx\/wp-content\/uploads\/2024\/11\/stars.png\" loading=\"lazy\"><noscript><img decoding=\"async\" class=\"lazyload\" src=\"https:\/\/armoniaviva.mx\/wp-content\/uploads\/2024\/11\/stars.png\" loading=\"lazy\"><\/noscript> <\/p>\n<p>\u201cConfi\u00e9 en Marce por los resultados y seguridad que me transmiti\u00f3. La terapia ayud\u00f3 a reducir los s\u00edntomas de mis dolores de cabeza y los malestares de mi hija en tiempo r\u00e9cord. Recomendar\u00eda a Marce a cualquier persona; tiene una preparaci\u00f3n s\u00f3lida y ofrece una alternativa natural sin efectos secundarios. \u00a1Es descubrir y sanar desde adentro!\u201d<\/p>\n<h4>&#8211; Vanesa Sierra<\/h4>\n<p>   <img decoding=\"async\" class=\"lazyload\" src=\"data:image\/gif;base64,R0lGODlhAQABAIAAAAAAAP\/\/\/yH5BAEAAAAALAAAAAABAAEAAAIBRAA7\" data-src=\"https:\/\/armoniaviva.mx\/wp-content\/uploads\/2024\/11\/stars.png\" loading=\"lazy\"><noscript><img decoding=\"async\" class=\"lazyload\" src=\"https:\/\/armoniaviva.mx\/wp-content\/uploads\/2024\/11\/stars.png\" loading=\"lazy\"><\/noscript> <\/p>\n<p>\u201cMi amiga me recomend\u00f3 probar la terapia de Biomagnetismo y Bioenerg\u00e9tica con Marce, y fue una gran decisi\u00f3n. Llegu\u00e9 con molestias como picaz\u00f3n y ardor en todo el cuerpo, pero despu\u00e9s de la terapia me sent\u00ed sana, tranquila y relajada. \u00a1Es como magia en mi organismo! La t\u00e9cnica de Marce es muy efectiva; siempre me siento c\u00f3moda, segura y en paz durante la sesi\u00f3n. El ambiente es tan relajante que siento que realmente sana mis padecimientos.\u201d<\/p>\n<h4>&#8211; Socorro<\/h4>\n<p>   <img decoding=\"async\" class=\"lazyload\" src=\"data:image\/gif;base64,R0lGODlhAQABAIAAAAAAAP\/\/\/yH5BAEAAAAALAAAAAABAAEAAAIBRAA7\" data-src=\"https:\/\/armoniaviva.mx\/wp-content\/uploads\/2024\/11\/stars.png\" loading=\"lazy\"><noscript><img decoding=\"async\" class=\"lazyload\" src=\"https:\/\/armoniaviva.mx\/wp-content\/uploads\/2024\/11\/stars.png\" loading=\"lazy\"><\/noscript> <\/p>\n<p>\u201cContrat\u00e9 la terapia para aliviar mis malestares f\u00edsicos, y realmente me sent\u00ed mucho mejor despu\u00e9s de cada sesi\u00f3n. Si alguien busca sentirse bien y recuperarse, le recomendar\u00eda a Marce sin dudarlo; \u00a1se va a sentir mucho mejor despu\u00e9s de visitarla!\u201d<\/p>\n<h4>&#8211; Marcelo Garza<\/h4>\n<p>   \u276e \u276f  [tcb-script] const testimonialCarousel = document.getElementById(&#8216;testimonialCarousel&#8217;); const testimonials = document.querySelectorAll(&#8216;.testimonial&#8217;); const visibleTestimonials = 3; const totalTestimonials = testimonials.length; let currentIndex = 0; let interval; function showTestimonial(index) { testimonialCarousel.style.transform = `translateX(-${index * (100 \/ visibleTestimonials)}%)`; } function nextTestimonial() { currentIndex = (currentIndex + 1) % Math.ceil(totalTestimonials \/ visibleTestimonials); showTestimonial(currentIndex); } function prevTestimonial() { currentIndex = (currentIndex &#8211; 1 + Math.ceil(totalTestimonials \/ visibleTestimonials)) % Math.ceil(totalTestimonials \/ visibleTestimonials); showTestimonial(currentIndex); } function startCarousel() { interval = setInterval(nextTestimonial, 3000); } function stopCarousel() { clearInterval(interval); } startCarousel(); document.querySelector(&#8216;.carousel-container&#8217;).addEventListener(&#8216;mouseenter&#8217;, stopCarousel); document.querySelector(&#8216;.carousel-container&#8217;).addEventListener(&#8216;mouseleave&#8217;, startCarousel); [\/tcb-script]    <\/p>\n<h1 style=\"text-align: center;\">Frequently Asked Questions<\/h1>","protected":false},"excerpt":{"rendered":"<p>__CONFIG_group_edit__{&#8220;kclrhx8y&#8221;:{&#8220;name&#8221;:&#8221;Name&#8221;,&#8221;singular&#8221;:&#8221;&#8211; Text %s&#8221;},&#8221;kclrmhf9&#8243;:{&#8220;name&#8221;:&#8221;Occupation&#8221;,&#8221;singular&#8221;:&#8221;&#8211; Text %s&#8221;},&#8221;kclrmoej&#8221;:{&#8220;name&#8221;:&#8221;Image&#8221;,&#8221;singular&#8221;:&#8221;&#8211; Image %s&#8221;},&#8221;kclskagi&#8221;:{&#8220;name&#8221;:&#8221;All Star Rating(s)&#8221;,&#8221;singular&#8221;:&#8221;&#8211; Star Rating %s&#8221;},&#8221;kclskhd7&#8243;:{&#8220;name&#8221;:&#8221;Image Column&#8221;,&#8221;singular&#8221;:&#8221;&#8211; Column %s&#8221;},&#8221;kclskr4j&#8221;:{&#8220;name&#8221;:&#8221;Name Columns&#8221;,&#8221;singular&#8221;:&#8221;&#8211; Column %s&#8221;},&#8221;kclskzxr&#8221;:{&#8220;name&#8221;:&#8221;Star Rating Column&#8221;,&#8221;singular&#8221;:&#8221;&#8211; Column %s&#8221;},&#8221;kclsp1vg&#8221;:{&#8220;name&#8221;:&#8221;Small Columns&#8221;,&#8221;singular&#8221;:&#8221;&#8211; Columns %s&#8221;},&#8221;kclsp989&#8243;:{&#8220;name&#8221;:&#8221;Divider&#8221;,&#8221;singular&#8221;:&#8221;&#8211; Divider %s&#8221;},&#8221;kclspeyn&#8221;:{&#8220;name&#8221;:&#8221;Text&#8221;,&#8221;singular&#8221;:&#8221;&#8211; Text %s&#8221;},&#8221;kclspjhr&#8221;:{&#8220;name&#8221;:&#8221;Testimonial Box&#8221;,&#8221;singular&#8221;:&#8221;&#8211; Content Box %s&#8221;},&#8221;kclsprlx&#8221;:{&#8220;name&#8221;:&#8221;Main Column&#8221;,&#8221;singular&#8221;:&#8221;&#8211; Column %s&#8221;},&#8221;kclspxr2&#8243;:{&#8220;name&#8221;:&#8221;Main Columns&#8221;,&#8221;singular&#8221;:&#8221;&#8211; Columns %s&#8221;}}__CONFIG_group_edit__ Testimonios Carrusel de Testimonios \u201cLos imanes me han cambiado la vida. Desde la pandemia, comenc\u00e9 con [&hellip;]<\/p>","protected":false},"author":1,"featured_media":0,"parent":0,"menu_order":0,"comment_status":"closed","ping_status":"closed","template":"","meta":{"footnotes":""},"class_list":["post-248","page","type-page","status-publish","hentry","post-wrapper","thrv_wrapper"],"_links":{"self":[{"href":"https:\/\/armoniaviva.mx\/en\/wp-json\/wp\/v2\/pages\/248","targetHints":{"allow":["GET"]}}],"collection":[{"href":"https:\/\/armoniaviva.mx\/en\/wp-json\/wp\/v2\/pages"}],"about":[{"href":"https:\/\/armoniaviva.mx\/en\/wp-json\/wp\/v2\/types\/page"}],"author":[{"embeddable":true,"href":"https:\/\/armoniaviva.mx\/en\/wp-json\/wp\/v2\/users\/1"}],"replies":[{"embeddable":true,"href":"https:\/\/armoniaviva.mx\/en\/wp-json\/wp\/v2\/comments?post=248"}],"version-history":[{"count":10,"href":"https:\/\/armoniaviva.mx\/en\/wp-json\/wp\/v2\/pages\/248\/revisions"}],"predecessor-version":[{"id":516,"href":"https:\/\/armoniaviva.mx\/en\/wp-json\/wp\/v2\/pages\/248\/revisions\/516"}],"wp:attachment":[{"href":"https:\/\/armoniaviva.mx\/en\/wp-json\/wp\/v2\/media?parent=248"}],"curies":[{"name":"wp","href":"https:\/\/api.w.org\/{rel}","templated":true}]}}