{"id":164,"date":"2024-05-28T18:42:48","date_gmt":"2024-05-28T18:42:48","guid":{"rendered":"https:\/\/armoniaviva.mx\/?page_id=164"},"modified":"2025-09-01T18:19:42","modified_gmt":"2025-09-01T18:19:42","slug":"servicios","status":"publish","type":"page","link":"https:\/\/armoniaviva.mx\/en\/servicios\/","title":{"rendered":"Services"},"content":{"rendered":"<p><a href=\"https:\/\/armoniaviva.mx\/en\/\" data-id-d=\"6\" data-dynamic-link=\"thrive_global_shortcode_url\" data-shortcode-id=\"0\" data-img-style=\"\"><img decoding=\"async\" class=\"lazyload\" src=\"data:image\/gif;base64,R0lGODlhAQABAIAAAAAAAP\/\/\/yH5BAEAAAAALAAAAAABAAEAAAIBRAA7\" data-src=\"https:\/\/armoniaviva.mx\/wp-content\/uploads\/2024\/05\/Logo-ArmoniaViva-verde.png\" height=\"84\" width=\"542\" alt=\"\" style=\"\" loading=\"lazy\"><noscript><img decoding=\"async\" class=\"lazyload\" src=\"https:\/\/armoniaviva.mx\/wp-content\/uploads\/2024\/05\/Logo-ArmoniaViva-verde.png\" height=\"84\" width=\"542\" alt=\"\" style=\"\" loading=\"lazy\"><\/noscript><\/img><\/a><a href=\"https:\/\/armoniaviva.mx\/en\/\" data-id-d=\"6\" data-dynamic-link=\"thrive_global_shortcode_url\" data-shortcode-id=\"0\" data-id-m=\"8\" data-img-style=\"width: 100%;\"><img decoding=\"async\" class=\"lazyload\" src=\"data:image\/gif;base64,R0lGODlhAQABAIAAAAAAAP\/\/\/yH5BAEAAAAALAAAAAABAAEAAAIBRAA7\" data-src=\"https:\/\/armoniaviva.mx\/wp-content\/uploads\/2024\/05\/Logo-ArmoniaViva-verde.png\" height=\"84\" width=\"542\" alt=\"\" style=\"width: 100%;\" loading=\"lazy\"><noscript><img decoding=\"async\" class=\"lazyload\" src=\"https:\/\/armoniaviva.mx\/wp-content\/uploads\/2024\/05\/Logo-ArmoniaViva-verde.png\" height=\"84\" width=\"542\" alt=\"\" style=\"width: 100%;\" loading=\"lazy\"><\/noscript><\/img><\/a><\/p>\n<p style=\"text-align: center;\"><strong>Explore Our Services<\/strong><\/p>\n<h6 style=\"\">Biomagnetism<\/h6>\n<p><!--StartFragment--><\/p>\n<p style=\"\">Magnet therapy to balance your energy and improve your well-being.<\/p>\n<p><!--EndFragment--><\/p>\n<h6 style=\"\">Reiki<\/h6>\n<p><!--StartFragment--><\/p>\n<p style=\"\">Channeling celestial energy to harmonize body, mind, and spirit in all dimensions.<\/p>\n<p><!--EndFragment--><\/p>\n<h6 style=\"\">Massages<\/h6>\n<p><!--StartFragment--><\/p>\n<p style=\"\">From relaxation to aesthetic transformation. Find your balance<\/p>\n<p><!--EndFragment--><\/p>\n<h6 style=\"\">OH Associative Cards<\/h6>\n<p><!--StartFragment--><\/p>\n<p style=\"\" class=\" translation-block\">Stimulates imagination and guides towards self-knowledge<\/p>\n<p><!--EndFragment--><\/p>\n<h6 style=\"\">Morphic Neuro-Imaginative Gestalt (NIG)<\/h6>\n<p><!--StartFragment--><\/p>\n<p style=\"\">Fusion of art and systemic therapy to unlock your creativity and inner resources.<\/p>\n<p><!--EndFragment--><\/p>\n<h6 style=\"\">SAAMA therapy<\/h6>\n<p><!--StartFragment--><\/p>\n<p style=\"\">Quantum healing that harmonizes vibrations to transform your well-being<\/p>\n<p><!--EndFragment--><\/p>\n<h6 style=\"\">Auriculotherapy<\/h6>\n<p><!--StartFragment--><\/p>\n<p style=\"\">Awaken your body's healing power by stimulating key points in your ear, enhancing your overall well-being.<\/p>\n<p><!--EndFragment--><\/p>\n<h6 style=\"\">Facials<\/h6>\n<p><!--StartFragment--><\/p>\n<p style=\"\">Detoxify and revitalize your skin with our customized facials. You'll look radiant!<\/p>\n<p><!--EndFragment--><\/p>\n<h6 style=\"\">LEGO SERIOUS PLAY.<\/h6>\n<p><!--StartFragment--><\/p>\n<p style=\"\">Build the future with creativity and collaboration through Lego bricks.<\/p>\n<p><!--EndFragment--><\/p>\n<h6 style=\"\">Sandplay therapy&nbsp;<\/h6>\n<p><!--StartFragment--><\/p>\n<p style=\"\">Discover and explore your inner world in a creative and safe way.<\/p>\n<p><!--EndFragment-->  __CONFIG_group_edit__{&#8220;kclrhx8y&#8221;:{&#8220;name&#8221;:&#8221;Name&#8221;,&#8221;singular&#8221;:&#8221;&#8211; Text %s&#8221;},&#8221;kclrmhf9&#8243;:{&#8220;name&#8221;:&#8221;Occupation&#8221;,&#8221;singular&#8221;:&#8221;&#8211; Text %s&#8221;},&#8221;kclrmoej&#8221;:{&#8220;name&#8221;:&#8221;Image&#8221;,&#8221;singular&#8221;:&#8221;&#8211; Image %s&#8221;},&#8221;kclskagi&#8221;:{&#8220;name&#8221;:&#8221;All Star Rating(s)&#8221;,&#8221;singular&#8221;:&#8221;&#8211; Star Rating %s&#8221;},&#8221;kclskhd7&#8243;:{&#8220;name&#8221;:&#8221;Image Column&#8221;,&#8221;singular&#8221;:&#8221;&#8211; Column %s&#8221;},&#8221;kclskr4j&#8221;:{&#8220;name&#8221;:&#8221;Name Columns&#8221;,&#8221;singular&#8221;:&#8221;&#8211; Column %s&#8221;},&#8221;kclskzxr&#8221;:{&#8220;name&#8221;:&#8221;Star Rating Column&#8221;,&#8221;singular&#8221;:&#8221;&#8211; Column %s&#8221;},&#8221;kclsp1vg&#8221;:{&#8220;name&#8221;:&#8221;Small Columns&#8221;,&#8221;singular&#8221;:&#8221;&#8211; Columns %s&#8221;},&#8221;kclsp989&#8243;:{&#8220;name&#8221;:&#8221;Divider&#8221;,&#8221;singular&#8221;:&#8221;&#8211; Divider %s&#8221;},&#8221;kclspeyn&#8221;:{&#8220;name&#8221;:&#8221;Text&#8221;,&#8221;singular&#8221;:&#8221;&#8211; Text %s&#8221;},&#8221;kclspjhr&#8221;:{&#8220;name&#8221;:&#8221;Testimonial Box&#8221;,&#8221;singular&#8221;:&#8221;&#8211; Content Box %s&#8221;},&#8221;kclsprlx&#8221;:{&#8220;name&#8221;:&#8221;Main Column&#8221;,&#8221;singular&#8221;:&#8221;&#8211; Column %s&#8221;},&#8221;kclspxr2&#8243;:{&#8220;name&#8221;:&#8221;Main Columns&#8221;,&#8221;singular&#8221;:&#8221;&#8211; Columns %s&#8221;}}__CONFIG_group_edit__  <\/p>\n<p style=\"text-align: center;\"><strong>Testimonials<\/strong><\/p>\n<p>  Carrusel de Testimonios     <img decoding=\"async\" class=\"lazyload\" src=\"data:image\/gif;base64,R0lGODlhAQABAIAAAAAAAP\/\/\/yH5BAEAAAAALAAAAAABAAEAAAIBRAA7\" data-src=\"https:\/\/armoniaviva.mx\/wp-content\/uploads\/2024\/11\/stars.png\" loading=\"lazy\"><noscript><img decoding=\"async\" class=\"lazyload\" src=\"https:\/\/armoniaviva.mx\/wp-content\/uploads\/2024\/11\/stars.png\" loading=\"lazy\"><\/noscript> <\/p>\n<p>\u201cLos imanes me han cambiado la vida. Desde la pandemia, comenc\u00e9 con biomagnetismo y siento que todo se ha equilibrado, tanto f\u00edsica como energ\u00e9ticamente. \u00a1Recomiendo a Marce para cualquier situaci\u00f3n!\u201d<\/p>\n<h4>&#8211; Carlos Uvence<\/h4>\n<p>   <img decoding=\"async\" class=\"lazyload\" src=\"data:image\/gif;base64,R0lGODlhAQABAIAAAAAAAP\/\/\/yH5BAEAAAAALAAAAAABAAEAAAIBRAA7\" data-src=\"https:\/\/armoniaviva.mx\/wp-content\/uploads\/2024\/11\/stars.png\" loading=\"lazy\"><noscript><img decoding=\"async\" class=\"lazyload\" src=\"https:\/\/armoniaviva.mx\/wp-content\/uploads\/2024\/11\/stars.png\" loading=\"lazy\"><\/noscript> <\/p>\n<p>\u201cMarce me ha ayudado mucho con cualquier malestar que traigo. Conf\u00edo totalmente en su forma de manejar el biomagnetismo y siempre noto la diferencia.\u201d<\/p>\n<h4>&#8211; Barbara Cepeda<\/h4>\n<p>   <img decoding=\"async\" class=\"lazyload\" src=\"data:image\/gif;base64,R0lGODlhAQABAIAAAAAAAP\/\/\/yH5BAEAAAAALAAAAAABAAEAAAIBRAA7\" data-src=\"https:\/\/armoniaviva.mx\/wp-content\/uploads\/2024\/11\/stars.png\" loading=\"lazy\"><noscript><img decoding=\"async\" class=\"lazyload\" src=\"https:\/\/armoniaviva.mx\/wp-content\/uploads\/2024\/11\/stars.png\" loading=\"lazy\"><\/noscript> <\/p>\n<p>\u201cComenc\u00e9 por s\u00edntomas de salud, y aunque a veces recaigo, Marce siempre est\u00e1 ah\u00ed con dedicaci\u00f3n y apoyo. La recomiendo mucho porque su tratamiento es eficaz y ella est\u00e1 dispuesta a ayudar en todo momento.\u201d<\/p>\n<h4>&#8211; Rosario Revuelta<\/h4>\n<p>   <img decoding=\"async\" class=\"lazyload\" src=\"data:image\/gif;base64,R0lGODlhAQABAIAAAAAAAP\/\/\/yH5BAEAAAAALAAAAAABAAEAAAIBRAA7\" data-src=\"https:\/\/armoniaviva.mx\/wp-content\/uploads\/2024\/11\/stars.png\" loading=\"lazy\"><noscript><img decoding=\"async\" class=\"lazyload\" src=\"https:\/\/armoniaviva.mx\/wp-content\/uploads\/2024\/11\/stars.png\" loading=\"lazy\"><\/noscript> <\/p>\n<p>\u201cHe recurrido a esta terapia varias veces, especialmente antes de cirug\u00edas, para mejorar mi recuperaci\u00f3n y reducir el dolor. Aunque no hay contacto f\u00edsico, los beneficios son reales. \u00a1Comprobado en m\u00faltiples ocasiones!\u201d<\/p>\n<h4>&#8211; Cynthia de la Cruz<\/h4>\n<p>   <img decoding=\"async\" class=\"lazyload\" src=\"data:image\/gif;base64,R0lGODlhAQABAIAAAAAAAP\/\/\/yH5BAEAAAAALAAAAAABAAEAAAIBRAA7\" data-src=\"https:\/\/armoniaviva.mx\/wp-content\/uploads\/2024\/11\/stars.png\" loading=\"lazy\"><noscript><img decoding=\"async\" class=\"lazyload\" src=\"https:\/\/armoniaviva.mx\/wp-content\/uploads\/2024\/11\/stars.png\" loading=\"lazy\"><\/noscript> <\/p>\n<p>\u201cContrat\u00e9 la terapia para cuidar de mi hijo y para la prevenci\u00f3n de malestares en mi familia. Los beneficios han sido muchos: nos sentimos m\u00e1s saludables y en paz. La recomiendo ampliamente, ya que con Marce hemos visto grandes resultados.\u201d<\/p>\n<h4>&#8211; Lorena Campos<\/h4>\n<p>   <img decoding=\"async\" class=\"lazyload\" src=\"data:image\/gif;base64,R0lGODlhAQABAIAAAAAAAP\/\/\/yH5BAEAAAAALAAAAAABAAEAAAIBRAA7\" data-src=\"https:\/\/armoniaviva.mx\/wp-content\/uploads\/2024\/11\/stars.png\" loading=\"lazy\"><noscript><img decoding=\"async\" class=\"lazyload\" src=\"https:\/\/armoniaviva.mx\/wp-content\/uploads\/2024\/11\/stars.png\" loading=\"lazy\"><\/noscript> <\/p>\n<p>\u201cConfi\u00e9 en Marce por los resultados y seguridad que me transmiti\u00f3. La terapia ayud\u00f3 a reducir los s\u00edntomas de mis dolores de cabeza y los malestares de mi hija en tiempo r\u00e9cord. Recomendar\u00eda a Marce a cualquier persona; tiene una preparaci\u00f3n s\u00f3lida y ofrece una alternativa natural sin efectos secundarios. \u00a1Es descubrir y sanar desde adentro!\u201d<\/p>\n<h4>&#8211; Vanesa Sierra<\/h4>\n<p>   <img decoding=\"async\" class=\"lazyload\" src=\"data:image\/gif;base64,R0lGODlhAQABAIAAAAAAAP\/\/\/yH5BAEAAAAALAAAAAABAAEAAAIBRAA7\" data-src=\"https:\/\/armoniaviva.mx\/wp-content\/uploads\/2024\/11\/stars.png\" loading=\"lazy\"><noscript><img decoding=\"async\" class=\"lazyload\" src=\"https:\/\/armoniaviva.mx\/wp-content\/uploads\/2024\/11\/stars.png\" loading=\"lazy\"><\/noscript> <\/p>\n<p>\u201cMi amiga me recomend\u00f3 probar la terapia de Biomagnetismo y Bioenerg\u00e9tica con Marce, y fue una gran decisi\u00f3n. Llegu\u00e9 con molestias como picaz\u00f3n y ardor en todo el cuerpo, pero despu\u00e9s de la terapia me sent\u00ed sana, tranquila y relajada. \u00a1Es como magia en mi organismo! La t\u00e9cnica de Marce es muy efectiva; siempre me siento c\u00f3moda, segura y en paz durante la sesi\u00f3n. El ambiente es tan relajante que siento que realmente sana mis padecimientos.\u201d<\/p>\n<h4>&#8211; Socorro<\/h4>\n<p>   <img decoding=\"async\" class=\"lazyload\" src=\"data:image\/gif;base64,R0lGODlhAQABAIAAAAAAAP\/\/\/yH5BAEAAAAALAAAAAABAAEAAAIBRAA7\" data-src=\"https:\/\/armoniaviva.mx\/wp-content\/uploads\/2024\/11\/stars.png\" loading=\"lazy\"><noscript><img decoding=\"async\" class=\"lazyload\" src=\"https:\/\/armoniaviva.mx\/wp-content\/uploads\/2024\/11\/stars.png\" loading=\"lazy\"><\/noscript> <\/p>\n<p>\u201cContrat\u00e9 la terapia para aliviar mis malestares f\u00edsicos, y realmente me sent\u00ed mucho mejor despu\u00e9s de cada sesi\u00f3n. Si alguien busca sentirse bien y recuperarse, le recomendar\u00eda a Marce sin dudarlo; \u00a1se va a sentir mucho mejor despu\u00e9s de visitarla!\u201d<\/p>\n<h4>&#8211; Marcelo Garza<\/h4>\n<p>   \u276e \u276f  [tcb-script] const testimonialCarousel = document.getElementById(&#8216;testimonialCarousel&#8217;); const testimonials = document.querySelectorAll(&#8216;.testimonial&#8217;); const visibleTestimonials = 3; const totalTestimonials = testimonials.length; let currentIndex = 0; let interval; function showTestimonial(index) { testimonialCarousel.style.transform = `translateX(-${index * (100 \/ visibleTestimonials)}%)`; } function nextTestimonial() { currentIndex = (currentIndex + 1) % Math.ceil(totalTestimonials \/ visibleTestimonials); showTestimonial(currentIndex); } function prevTestimonial() { currentIndex = (currentIndex &#8211; 1 + Math.ceil(totalTestimonials \/ visibleTestimonials)) % Math.ceil(totalTestimonials \/ visibleTestimonials); showTestimonial(currentIndex); } function startCarousel() { interval = setInterval(nextTestimonial, 3000); } function stopCarousel() { clearInterval(interval); } startCarousel(); document.querySelector(&#8216;.carousel-container&#8217;).addEventListener(&#8216;mouseenter&#8217;, stopCarousel); document.querySelector(&#8216;.carousel-container&#8217;).addEventListener(&#8216;mouseleave&#8217;, startCarousel); [\/tcb-script]    <span><img decoding=\"async\" class=\"lazyload\" alt=\"\" data-id=\"322\" width=\"282\" data-init-width=\"515\" height=\"668\" data-init-height=\"1220\" title=\"Shape (2) (1)\" src=\"data:image\/gif;base64,R0lGODlhAQABAIAAAAAAAP\/\/\/yH5BAEAAAAALAAAAAABAAEAAAIBRAA7\" data-src=\"https:\/\/armoniaviva.mx\/wp-content\/uploads\/2024\/08\/Shape-2-1.png\" data-width=\"282\" data-height=\"668\" style=\"aspect-ratio: auto 515 \/ 1220;\" loading=\"lazy\"><noscript><img decoding=\"async\" class=\"lazyload\" alt=\"\" data-id=\"322\" width=\"282\" data-init-width=\"515\" height=\"668\" data-init-height=\"1220\" title=\"Shape (2) (1)\" src=\"https:\/\/armoniaviva.mx\/wp-content\/uploads\/2024\/08\/Shape-2-1.png\" data-width=\"282\" data-height=\"668\" style=\"aspect-ratio: auto 515 \/ 1220;\" loading=\"lazy\"><\/noscript><\/span>  <\/p>\n<p style=\"text-align: center;\"><strong>Have questions?<\/strong><\/p>\n<p style=\"text-align: center;\">Leave us a message and we will get back to you as soon as possible.<\/p>\n<p style=\"\"><strong>Escr\u00edbenos&#8230;<\/strong><\/p>\n<p><span><a href=\"mailto:info@armoniaviva.mx\" rel=\"nofollow\"><img decoding=\"async\" class=\"lazyload\" alt=\"\" data-id=\"110\" width=\"54\" data-init-width=\"128\" height=\"54\" data-init-height=\"128\" title=\"Icon_mail (1)\" src=\"data:image\/gif;base64,R0lGODlhAQABAIAAAAAAAP\/\/\/yH5BAEAAAAALAAAAAABAAEAAAIBRAA7\" data-src=\"https:\/\/armoniaviva.mx\/wp-content\/uploads\/2024\/05\/Icon_mail-1.png\" data-width=\"54\" data-height=\"54\" style=\"aspect-ratio: auto 128 \/ 128;\" data-link-wrap=\"true\" loading=\"lazy\"><noscript><img decoding=\"async\" class=\"lazyload\" alt=\"\" data-id=\"110\" width=\"54\" data-init-width=\"128\" height=\"54\" data-init-height=\"128\" title=\"Icon_mail (1)\" src=\"https:\/\/armoniaviva.mx\/wp-content\/uploads\/2024\/05\/Icon_mail-1.png\" data-width=\"54\" data-height=\"54\" style=\"aspect-ratio: auto 128 \/ 128;\" data-link-wrap=\"true\" loading=\"lazy\"><\/noscript><\/a><\/span><\/p>\n<h2 style=\"text-align: left;\"><span>Email<\/span><\/h2>\n<p style=\"\"><a href=\"mailto:info@armoniaviva.mx\" rel=\"nofollow\" style=\"outline: none;\">info@armoniaviva.mx<\/a><\/p>\n<p><span><a href=\"https:\/\/api.whatsapp.com\/send?phone=528712512189\" rel=\"nofollow\"><img decoding=\"async\" class=\"lazyload\" alt=\"\" data-id=\"109\" width=\"54\" data-init-width=\"128\" height=\"54\" data-init-height=\"128\" title=\"Icon_whatsapp (1)\" src=\"data:image\/gif;base64,R0lGODlhAQABAIAAAAAAAP\/\/\/yH5BAEAAAAALAAAAAABAAEAAAIBRAA7\" data-src=\"https:\/\/armoniaviva.mx\/wp-content\/uploads\/2024\/05\/Icon_whatsapp-1.png\" data-width=\"54\" data-height=\"54\" style=\"aspect-ratio: auto 128 \/ 128;\" data-link-wrap=\"true\" loading=\"lazy\"><noscript><img decoding=\"async\" class=\"lazyload\" alt=\"\" data-id=\"109\" width=\"54\" data-init-width=\"128\" height=\"54\" data-init-height=\"128\" title=\"Icon_whatsapp (1)\" src=\"https:\/\/armoniaviva.mx\/wp-content\/uploads\/2024\/05\/Icon_whatsapp-1.png\" data-width=\"54\" data-height=\"54\" style=\"aspect-ratio: auto 128 \/ 128;\" data-link-wrap=\"true\" loading=\"lazy\"><\/noscript><\/a><\/span><\/p>\n<h2 style=\"text-align: left;\"><span>WhatsApp<\/span><\/h2>\n<p style=\"\"><a href=\"https:\/\/api.whatsapp.com\/send?phone=528712512189\" rel=\"nofollow\" style=\"outline: none;\"><span>+52 871 251 2189<\/span><\/a><\/p>\n<p><span><a href=\"https:\/\/maps.app.goo.gl\/4zZnT4LVuEXi12VPA\" rel=\"nofollow\"><img decoding=\"async\" class=\"lazyload\" alt=\"\" data-id=\"112\" width=\"54\" data-init-width=\"128\" height=\"54\" data-init-height=\"128\" title=\"Icon_map (1)\" src=\"data:image\/gif;base64,R0lGODlhAQABAIAAAAAAAP\/\/\/yH5BAEAAAAALAAAAAABAAEAAAIBRAA7\" data-src=\"https:\/\/armoniaviva.mx\/wp-content\/uploads\/2024\/05\/Icon_map-1.png\" data-width=\"54\" data-height=\"54\" style=\"aspect-ratio: auto 128 \/ 128;\" data-link-wrap=\"true\" loading=\"lazy\"><noscript><img decoding=\"async\" class=\"lazyload\" alt=\"\" data-id=\"112\" width=\"54\" data-init-width=\"128\" height=\"54\" data-init-height=\"128\" title=\"Icon_map (1)\" src=\"https:\/\/armoniaviva.mx\/wp-content\/uploads\/2024\/05\/Icon_map-1.png\" data-width=\"54\" data-height=\"54\" style=\"aspect-ratio: auto 128 \/ 128;\" data-link-wrap=\"true\" loading=\"lazy\"><\/noscript><\/a><\/span><\/p>\n<p style=\"\"><a href=\"https:\/\/maps.app.goo.gl\/zWZAgC3F2DS4o7JA7\" rel=\"nofollow\" style=\"outline: none;\" target=\"_blank\"><span><span>Jorge Mu\u00f1oz 207, Las Margaritas, 27130 Torre\u00f3n, Coah.<\/span><\/span><\/a><\/p>\n<p style=\"\"><span><span>Con\u00e9ctate con nosotros<\/span><\/span><\/p>\n<p>__CONFIG_colors_palette__{&#8220;active_palette&#8221;:0,&#8221;config&#8221;:{&#8220;colors&#8221;:{&#8220;f3080&#8221;:{&#8220;name&#8221;:&#8221;Main Accent&#8221;,&#8221;parent&#8221;:-1},&#8221;f2bba&#8221;:{&#8220;name&#8221;:&#8221;Main Light 10&#8243;,&#8221;parent&#8221;:&#8221;f3080&#8243;},&#8221;trewq&#8221;:{&#8220;name&#8221;:&#8221;Main Light 30&#8243;,&#8221;parent&#8221;:&#8221;f3080&#8243;},&#8221;poiuy&#8221;:{&#8220;name&#8221;:&#8221;Main Light 80&#8243;,&#8221;parent&#8221;:&#8221;f3080&#8243;},&#8221;f83d7&#8243;:{&#8220;name&#8221;:&#8221;Main Light 80&#8243;,&#8221;parent&#8221;:&#8221;f3080&#8243;},&#8221;frty6&#8243;:{&#8220;name&#8221;:&#8221;Main Light 45&#8243;,&#8221;parent&#8221;:&#8221;f3080&#8243;},&#8221;flktr&#8221;:{&#8220;name&#8221;:&#8221;Main Light 80&#8243;,&#8221;parent&#8221;:&#8221;f3080&#8243;}},&#8221;gradients&#8221;:[]},&#8221;palettes&#8221;:[{&#8220;name&#8221;:&#8221;Default&#8221;,&#8221;value&#8221;:{&#8220;colors&#8221;:{&#8220;f3080&#8221;:{&#8220;val&#8221;:&#8221;rgb(23, 23, 22)&#8221;},&#8221;f2bba&#8221;:{&#8220;val&#8221;:&#8221;rgba(23, 23, 22, 0.5)&#8221;,&#8221;hsl_parent_dependency&#8221;:{&#8220;h&#8221;:60,&#8221;l&#8221;:0.09,&#8221;s&#8221;:0.02}},&#8221;trewq&#8221;:{&#8220;val&#8221;:&#8221;rgba(23, 23, 22, 0.7)&#8221;,&#8221;hsl_parent_dependency&#8221;:{&#8220;h&#8221;:60,&#8221;l&#8221;:0.09,&#8221;s&#8221;:0.02}},&#8221;poiuy&#8221;:{&#8220;val&#8221;:&#8221;rgba(23, 23, 22, 0.35)&#8221;,&#8221;hsl_parent_dependency&#8221;:{&#8220;h&#8221;:60,&#8221;l&#8221;:0.09,&#8221;s&#8221;:0.02}},&#8221;f83d7&#8243;:{&#8220;val&#8221;:&#8221;rgba(23, 23, 22, 0.4)&#8221;,&#8221;hsl_parent_dependency&#8221;:{&#8220;h&#8221;:60,&#8221;l&#8221;:0.09,&#8221;s&#8221;:0.02}},&#8221;frty6&#8243;:{&#8220;val&#8221;:&#8221;rgba(23, 23, 22, 0.2)&#8221;,&#8221;hsl_parent_dependency&#8221;:{&#8220;h&#8221;:60,&#8221;l&#8221;:0.09,&#8221;s&#8221;:0.02}},&#8221;flktr&#8221;:{&#8220;val&#8221;:&#8221;rgba(23, 23, 22, 0.8)&#8221;,&#8221;hsl_parent_dependency&#8221;:{&#8220;h&#8221;:60,&#8221;l&#8221;:0.09,&#8221;s&#8221;:0.02}}},&#8221;gradients&#8221;:[]},&#8221;original&#8221;:{&#8220;colors&#8221;:{&#8220;f3080&#8221;:{&#8220;val&#8221;:&#8221;rgb(23, 23, 22)&#8221;,&#8221;hsl&#8221;:{&#8220;h&#8221;:60,&#8221;s&#8221;:0.02,&#8221;l&#8221;:0.09}},&#8221;f2bba&#8221;:{&#8220;val&#8221;:&#8221;rgba(23, 23, 22, 0.5)&#8221;,&#8221;hsl_parent_dependency&#8221;:{&#8220;h&#8221;:60,&#8221;s&#8221;:0.02,&#8221;l&#8221;:0.09,&#8221;a&#8221;:0.5}},&#8221;trewq&#8221;:{&#8220;val&#8221;:&#8221;rgba(23, 23, 22, 0.7)&#8221;,&#8221;hsl_parent_dependency&#8221;:{&#8220;h&#8221;:60,&#8221;s&#8221;:0.02,&#8221;l&#8221;:0.09,&#8221;a&#8221;:0.7}},&#8221;poiuy&#8221;:{&#8220;val&#8221;:&#8221;rgba(23, 23, 22, 0.35)&#8221;,&#8221;hsl_parent_dependency&#8221;:{&#8220;h&#8221;:60,&#8221;s&#8221;:0.02,&#8221;l&#8221;:0.09,&#8221;a&#8221;:0.35}},&#8221;f83d7&#8243;:{&#8220;val&#8221;:&#8221;rgba(23, 23, 22, 0.4)&#8221;,&#8221;hsl_parent_dependency&#8221;:{&#8220;h&#8221;:60,&#8221;s&#8221;:0.02,&#8221;l&#8221;:0.09,&#8221;a&#8221;:0.4}},&#8221;frty6&#8243;:{&#8220;val&#8221;:&#8221;rgba(23, 23, 22, 0.2)&#8221;,&#8221;hsl_parent_dependency&#8221;:{&#8220;h&#8221;:60,&#8221;s&#8221;:0.02,&#8221;l&#8221;:0.09,&#8221;a&#8221;:0.2}},&#8221;flktr&#8221;:{&#8220;val&#8221;:&#8221;rgba(23, 23, 22, 0.8)&#8221;,&#8221;hsl_parent_dependency&#8221;:{&#8220;h&#8221;:60,&#8221;s&#8221;:0.02,&#8221;l&#8221;:0.09,&#8221;a&#8221;:0.8}}},&#8221;gradients&#8221;:[]}}]}__CONFIG_colors_palette__  <a href=\"\" target=\"_blank\" rel=\"nofollow\" data-dynamic-link=\"thrive_global_fields_url\" data-shortcode-id=\"fb\" data-id=\"facebook\" data-current-network=\"fb\"> <span style=\"\">    <\/span> <\/a>   <a href=\"\" target=\"_blank\" rel=\"nofollow\" data-dynamic-link=\"thrive_global_fields_url\" data-shortcode-id=\"ig\" data-id=\"icon-instagram\"> <span style=\"\">    <\/span> <\/a>    <span><img decoding=\"async\" class=\"lazyload\" alt=\"\" data-id=\"170\" width=\"232\" data-init-width=\"542\" height=\"36\" data-init-height=\"84\" title=\"Logo ArmoniaViva verde\" src=\"data:image\/gif;base64,R0lGODlhAQABAIAAAAAAAP\/\/\/yH5BAEAAAAALAAAAAABAAEAAAIBRAA7\" data-src=\"https:\/\/armoniaviva.mx\/wp-content\/uploads\/2024\/05\/Logo-ArmoniaViva-verde.png\" data-width=\"232\" data-height=\"36\" style=\"aspect-ratio: auto 542 \/ 84;\" loading=\"lazy\"><noscript><img decoding=\"async\" class=\"lazyload\" alt=\"\" data-id=\"170\" width=\"232\" data-init-width=\"542\" height=\"36\" data-init-height=\"84\" title=\"Logo ArmoniaViva verde\" src=\"https:\/\/armoniaviva.mx\/wp-content\/uploads\/2024\/05\/Logo-ArmoniaViva-verde.png\" data-width=\"232\" data-height=\"36\" style=\"aspect-ratio: auto 542 \/ 84;\" loading=\"lazy\"><\/noscript><\/span> <\/p>\n<p style=\"\">Aclaramos todas tus dudas sobre nuestros servicios<\/p>\n<p>  [tcb-script src=&#8221;https:\/\/link.superleads.mx\/js\/form_embed.js&#8221;][\/tcb-script]  <\/p>","protected":false},"excerpt":{"rendered":"<p>Nuestros servicios Biomagnetismo Terapia con imanes para equilibrar tu energ\u00eda y mejorar tu bienestar. Reiki Canalizaci\u00f3n de energ\u00eda celeste que armoniza cuerpo, mente y esp\u00edritu en todas sus dimensiones Masajes Desde la relajaci\u00f3n hasta la transformaci\u00f3n est\u00e9tica. Encuentra tu equilibrio. Cartas Asociativas OH. Impulso a la imaginaci\u00f3n y gu\u00eda hacia el autoconocimiento Gestalt Neuro Imaginativa [&hellip;]<\/p>","protected":false},"author":1,"featured_media":0,"parent":0,"menu_order":0,"comment_status":"closed","ping_status":"closed","template":"","meta":{"footnotes":""},"class_list":["post-164","page","type-page","status-publish","hentry","post-wrapper","thrv_wrapper"],"_links":{"self":[{"href":"https:\/\/armoniaviva.mx\/en\/wp-json\/wp\/v2\/pages\/164","targetHints":{"allow":["GET"]}}],"collection":[{"href":"https:\/\/armoniaviva.mx\/en\/wp-json\/wp\/v2\/pages"}],"about":[{"href":"https:\/\/armoniaviva.mx\/en\/wp-json\/wp\/v2\/types\/page"}],"author":[{"embeddable":true,"href":"https:\/\/armoniaviva.mx\/en\/wp-json\/wp\/v2\/users\/1"}],"replies":[{"embeddable":true,"href":"https:\/\/armoniaviva.mx\/en\/wp-json\/wp\/v2\/comments?post=164"}],"version-history":[{"count":56,"href":"https:\/\/armoniaviva.mx\/en\/wp-json\/wp\/v2\/pages\/164\/revisions"}],"predecessor-version":[{"id":600,"href":"https:\/\/armoniaviva.mx\/en\/wp-json\/wp\/v2\/pages\/164\/revisions\/600"}],"wp:attachment":[{"href":"https:\/\/armoniaviva.mx\/en\/wp-json\/wp\/v2\/media?parent=164"}],"curies":[{"name":"wp","href":"https:\/\/api.w.org\/{rel}","templated":true}]}}